{"id":122,"date":"2026-03-20T09:02:08","date_gmt":"2026-03-20T09:02:08","guid":{"rendered":"http:\/\/egpffmz.cluster100.hosting.ovh.net\/?page_id=122"},"modified":"2026-03-20T09:30:54","modified_gmt":"2026-03-20T09:30:54","slug":"delegues-regionaux","status":"publish","type":"page","link":"https:\/\/alliancedesamisdupomsky.com\/index.php\/delegues-regionaux\/","title":{"rendered":"D\u00e9l\u00e9gu\u00e9s R\u00e9gionaux"},"content":{"rendered":"<p>[et_pb_section fb_built=&#8221;1&#8243; theme_builder_area=&#8221;post_content&#8221; _builder_version=&#8221;4.27.5&#8243; _module_preset=&#8221;default&#8221;][et_pb_row _builder_version=&#8221;4.27.5&#8243; _module_preset=&#8221;default&#8221; theme_builder_area=&#8221;post_content&#8221;][et_pb_column _builder_version=&#8221;4.27.5&#8243; _module_preset=&#8221;default&#8221; type=&#8221;4_4&#8243; theme_builder_area=&#8221;post_content&#8221;][et_pb_text _builder_version=&#8221;4.27.5&#8243; _module_preset=&#8221;default&#8221; theme_builder_area=&#8221;post_content&#8221; hover_enabled=&#8221;0&#8243; sticky_enabled=&#8221;0&#8243;]<\/p>\n<h1 class=\"font_4 wixui-rich-text__text\" style=\"text-align: center;\"><strong>D\u00e9l\u00e9gu\u00e9s R\u00e9gionaux<\/strong><\/h1>\n<p>[\/et_pb_text][et_pb_text _builder_version=&#8221;4.27.5&#8243; _module_preset=&#8221;default&#8221; theme_builder_area=&#8221;post_content&#8221; hover_enabled=&#8221;0&#8243; sticky_enabled=&#8221;0&#8243;]<\/p>\n<p class=\"font_8 wixui-rich-text__text\"><span style=\"color: #000000;\">Les D\u00e9l\u00e9gu\u00e9s R\u00e9gionaux sont la colonne vert\u00e9brale locale de l&#8217;Alliance des Amis du Pomsky (AAP).<\/span><\/p>\n<p class=\"font_8 wixui-rich-text__text\"><span style=\"color: #000000;\">Leur r\u00f4le est fondamental pour assurer le bon fonctionnement, la visibilit\u00e9 et la repr\u00e9sentation de l&#8217;organisation sur l&#8217;ensemble du territoire.<\/span><\/p>\n<p>[\/et_pb_text][\/et_pb_column][\/et_pb_row][et_pb_row _builder_version=&#8221;4.27.5&#8243; _module_preset=&#8221;default&#8221; theme_builder_area=&#8221;post_content&#8221;][et_pb_column _builder_version=&#8221;4.27.5&#8243; _module_preset=&#8221;default&#8221; type=&#8221;4_4&#8243; theme_builder_area=&#8221;post_content&#8221;][et_pb_text _builder_version=&#8221;4.27.5&#8243; _module_preset=&#8221;default&#8221; theme_builder_area=&#8221;post_content&#8221; hover_enabled=&#8221;0&#8243; sticky_enabled=&#8221;0&#8243;]<\/p>\n<div id=\"comp-mjspe1qf__item1\" class=\"ku3DBC zQ9jDz qvSjx3 Vq6kJx comp-mjspe1qf__item1 wixui-rich-text\" data-testid=\"richTextElement\">\n<h3 class=\"font_8 wixui-rich-text__text\"><span class=\"wixui-rich-text__text\">Mandhra Claux\u00a0<\/span><\/h3>\n<\/div>\n<div id=\"comp-mjspe1qj__item1\" class=\"comp-mjspe1qj__item1 JGtLUp wixui-horizontal-line\"><\/div>\n<div id=\"comp-mk2hh5lo__item1\" class=\"ku3DBC zQ9jDz qvSjx3 Vq6kJx comp-mk2hh5lo__item1 wixui-rich-text\" data-testid=\"richTextElement\">\n<h3 class=\"font_8 wixui-rich-text__text\"><span class=\"wixui-rich-text__text\"><a data-auto-recognition=\"true\" href=\"mailto:n.aquitaine.alliance.pomsky@gmail.com\" class=\"wixui-rich-text__text\">n.aquitaine.alliance.pomsky@gmail.com<\/a><\/span><\/h3>\n<\/div>\n<div id=\"comp-mjspe1qn__item1\" class=\"ku3DBC zQ9jDz qvSjx3 Vq6kJx comp-mjspe1qn__item1 wixui-rich-text\" data-testid=\"richTextElement\">\n<p class=\"font_6 wixui-rich-text__text\">Nouvelle Aquitaine :\u00a0Contact pour les d\u00e9partements : Charente (16) Charente-Maritime (17) Corr\u00e8ze (19) Creuse (23) Dordogne (24) Gironde (33) Landes (40) Lot-et-Garonne (47) Pyr\u00e9n\u00e9es-Atlantiques (64) Deux-S\u00e8vres (79) Vienne (86) Haute-Vienne (87)<\/p>\n<\/div>\n<p>[\/et_pb_text][et_pb_text _builder_version=&#8221;4.27.5&#8243; _module_preset=&#8221;default&#8221; theme_builder_area=&#8221;post_content&#8221; hover_enabled=&#8221;0&#8243; sticky_enabled=&#8221;0&#8243;]<\/p>\n<div id=\"comp-mjspe1qf__item-mk2hit2u\" class=\"ku3DBC zQ9jDz qvSjx3 Vq6kJx comp-mjspe1qf__item-mk2hit2u wixui-rich-text\" data-testid=\"richTextElement\">\n<h3 class=\"font_8 wixui-rich-text__text\"><span class=\"wixui-rich-text__text\">Mandhra Claux\u00a0<\/span><\/h3>\n<\/div>\n<div id=\"comp-mjspe1qj__item-mk2hit2u\" class=\"comp-mjspe1qj__item-mk2hit2u JGtLUp wixui-horizontal-line\"><\/div>\n<div id=\"comp-mk2hh5lo__item-mk2hit2u\" class=\"ku3DBC zQ9jDz qvSjx3 Vq6kJx comp-mk2hh5lo__item-mk2hit2u wixui-rich-text\" data-testid=\"richTextElement\">\n<h3 class=\"font_8 wixui-rich-text__text\"><span class=\"wixui-rich-text__text\"><a data-auto-recognition=\"true\" href=\"mailto:n.aquitaine.alliance.pomsky@gmail.com\" class=\"wixui-rich-text__text\">n.aquitaine.alliance.pomsky@gmail.com<\/a><\/span><\/h3>\n<\/div>\n<div id=\"comp-mjspe1qn__item-mk2hit2u\" class=\"ku3DBC zQ9jDz qvSjx3 Vq6kJx comp-mjspe1qn__item-mk2hit2u wixui-rich-text\" data-testid=\"richTextElement\">\n<p class=\"font_6 wixui-rich-text__text\">Nouvelle Aquitaine :\u00a0Contact pour les d\u00e9partements : Charente (16) Charente-Maritime (17) Corr\u00e8ze (19) Creuse (23) Dordogne (24) Gironde (33) Landes (40) Lot-et-Garonne (47) Pyr\u00e9n\u00e9es-Atlantiques (64) Deux-S\u00e8vres (79) Vienne (86) Haute-Vienne (87)<\/p>\n<\/div>\n<p>[\/et_pb_text][et_pb_text _builder_version=&#8221;4.27.5&#8243; _module_preset=&#8221;default&#8221; theme_builder_area=&#8221;post_content&#8221; hover_enabled=&#8221;0&#8243; sticky_enabled=&#8221;0&#8243;]<\/p>\n<div id=\"comp-mjspe1qf__item-mk2hivzb\" class=\"ku3DBC zQ9jDz qvSjx3 Vq6kJx comp-mjspe1qf__item-mk2hivzb wixui-rich-text\" data-testid=\"richTextElement\">\n<h3 class=\"font_8 wixui-rich-text__text\"><span class=\"wixui-rich-text__text\">Mandhra Claux\u00a0<\/span><\/h3>\n<\/div>\n<div id=\"comp-mjspe1qj__item-mk2hivzb\" class=\"comp-mjspe1qj__item-mk2hivzb JGtLUp wixui-horizontal-line\"><\/div>\n<div id=\"comp-mk2hh5lo__item-mk2hivzb\" class=\"ku3DBC zQ9jDz qvSjx3 Vq6kJx comp-mk2hh5lo__item-mk2hivzb wixui-rich-text\" data-testid=\"richTextElement\">\n<h3 class=\"font_8 wixui-rich-text__text\"><span class=\"wixui-rich-text__text\"><a data-auto-recognition=\"true\" href=\"mailto:n.aquitaine.alliance.pomsky@gmail.com\" class=\"wixui-rich-text__text\">n.aquitaine.alliance.pomsky@gmail.com<\/a><\/span><\/h3>\n<\/div>\n<div id=\"comp-mjspe1qn__item-mk2hivzb\" class=\"ku3DBC zQ9jDz qvSjx3 Vq6kJx comp-mjspe1qn__item-mk2hivzb wixui-rich-text\" data-testid=\"richTextElement\">\n<p class=\"font_6 wixui-rich-text__text\">Nouvelle Aquitaine :\u00a0Contact pour les d\u00e9partements : Charente (16) Charente-Maritime (17) Corr\u00e8ze (19) Creuse (23) Dordogne (24) Gironde (33) Landes (40) Lot-et-Garonne (47) Pyr\u00e9n\u00e9es-Atlantiques (64) Deux-S\u00e8vres (79) Vienne (86) Haute-Vienne (87)\u00a0<\/p>\n<\/div>\n<p>[\/et_pb_text][\/et_pb_column][\/et_pb_row][et_pb_row _builder_version=&#8221;4.27.5&#8243; _module_preset=&#8221;default&#8221; theme_builder_area=&#8221;post_content&#8221; custom_padding=&#8221;23px|||||&#8221;][et_pb_column _builder_version=&#8221;4.27.5&#8243; _module_preset=&#8221;default&#8221; type=&#8221;4_4&#8243; theme_builder_area=&#8221;post_content&#8221;][et_pb_text _builder_version=&#8221;4.27.5&#8243; _module_preset=&#8221;default&#8221; theme_builder_area=&#8221;post_content&#8221; hover_enabled=&#8221;0&#8243; sticky_enabled=&#8221;0&#8243;]<\/p>\n<h2><strong><span class=\"wixui-rich-text__text\">\u00a0Le R\u00f4le Strat\u00e9gique des D\u00e9l\u00e9gu\u00e9s R\u00e9gionaux de l&#8217;Alliance des Amis du Pomsky<\/span><\/strong><\/h2>\n<p>[\/et_pb_text][et_pb_text _builder_version=&#8221;4.27.5&#8243; _module_preset=&#8221;default&#8221; theme_builder_area=&#8221;post_content&#8221; hover_enabled=&#8221;0&#8243; sticky_enabled=&#8221;0&#8243;]<\/p>\n<p class=\"font_8 wixui-rich-text__text\">Le Comit\u00e9 de l&#8217;AAP est conscient de l&#8217;impossibilit\u00e9 de g\u00e9rer toutes les actions et \u00e9v\u00e9nements depuis le si\u00e8ge, c&#8217;est pourquoi nous comptons sur ces fonctions locales pour \u00eatre le trait d&#8217;union entre le Club et ses membres.<\/p>\n<p class=\"font_8 wixui-rich-text__text\"><br class=\"wixui-rich-text__text\" \/>Chaque D\u00e9l\u00e9gu\u00e9 se voit attribuer un ou plusieurs d\u00e9partements, en fonction de ses disponibilit\u00e9s et de la densit\u00e9 d&#8217;adh\u00e9rents dans la zone.<\/p>\n<p class=\"font_8 wixui-rich-text__text\"><br class=\"wixui-rich-text__text\" \/>Missions et Responsabilit\u00e9s D\u00e9taill\u00e9es :\u00a0<br class=\"wixui-rich-text__text\" \/><br class=\"wixui-rich-text__text\" \/><span class=\"wixui-rich-text__text\">1. Repr\u00e9sentation et Ambassadeur du Club<\/span><\/p>\n<p class=\"font_8 wixui-rich-text__text\"><br class=\"wixui-rich-text__text\" \/>Les D\u00e9l\u00e9gu\u00e9s R\u00e9gionaux sont les visages officiels de l&#8217;Alliance au niveau local. Ils agissent comme des ambassadeurs de l&#8217;organisation, diffusant les valeurs, l&#8217;\u00e9thique et les objectifs de l&#8217;AAP dans leur r\u00e9gion.<br class=\"wixui-rich-text__text\" \/><br class=\"wixui-rich-text__text\" \/><span class=\"wixui-rich-text__text\">2. Facilitation de la Communication<\/span><\/p>\n<p class=\"font_8 wixui-rich-text__text\"><br class=\"wixui-rich-text__text\" \/>Ils jouent un r\u00f4le crucial en facilitant la communication bidirectionnelle. Ils transmettent les informations, les initiatives, les d\u00e9cisions et les actualit\u00e9s du Comit\u00e9 aux membres r\u00e9gionaux. Inversement, ils sont le canal privil\u00e9gi\u00e9 pour faire remonter au si\u00e8ge les pr\u00e9occupations et les suggestions des membres du terrain.<br class=\"wixui-rich-text__text\" \/><br class=\"wixui-rich-text__text\" \/><span class=\"wixui-rich-text__text\">3. Coordination et Organisation des Activit\u00e9s<\/span><\/p>\n<p class=\"font_8 wixui-rich-text__text\"><br class=\"wixui-rich-text__text\" \/>C&#8217;est une fonction cl\u00e9 : les D\u00e9l\u00e9gu\u00e9s sont responsables de la coordination et de la mise en \u0153uvre des activit\u00e9s r\u00e9gionales. Cela inclut l&#8217;organisation concr\u00e8te d&#8217;\u00e9v\u00e9nements, de rencontres informelles, d&#8217;expositions et de s\u00e9minaires, veillant \u00e0 ce que les initiatives du Club soient appliqu\u00e9es efficacement au niveau local.<br class=\"wixui-rich-text__text\" \/><br class=\"wixui-rich-text__text\" \/><span class=\"wixui-rich-text__text\">4. Recrutement et Engagement des Membres<\/span><\/p>\n<p class=\"font_8 wixui-rich-text__text\"><br class=\"wixui-rich-text__text\" \/>Ils participent activement au d\u00e9veloppement de l&#8217;Alliance en recrutant de nouveaux membres. Ils s&#8217;efforcent \u00e9galement de maintenir un niveau \u00e9lev\u00e9 d&#8217;engagement des membres existants.<\/p>\n<p class=\"font_8 wixui-rich-text__text\">S&#8217;ils estiment que le travail est trop lourd, ils ont la possibilit\u00e9 de recruter d&#8217;autres volontaires pour les seconder, ou d&#8217;en faire la demande aupr\u00e8s du Comit\u00e9.<br class=\"wixui-rich-text__text\" \/><br class=\"wixui-rich-text__text\" \/><span class=\"wixui-rich-text__text\">5. Soutien Local aux Adh\u00e9rents et Adoptants<\/span><\/p>\n<p class=\"font_8 wixui-rich-text__text\"><br class=\"wixui-rich-text__text\" \/>En tant que points de contact locaux, les D\u00e9l\u00e9gu\u00e9s offrent un soutien direct aux futurs et actuels adh\u00e9rents. Cela va de l&#8217;aide \u00e0 la r\u00e9solution de probl\u00e8mes sp\u00e9cifiques, \u00e0 la clarification des questions sur le Pomsky, le Club ou ses d\u00e9marches, jusqu&#8217;\u00e0 la diffusion des documents d&#8217;adh\u00e9sion (version papier, PDF ou lien d&#8217;inscription en ligne).<br class=\"wixui-rich-text__text\" \/><br class=\"wixui-rich-text__text\" \/><span class=\"wixui-rich-text__text\">6. Collecte d&#8217;Informations et de Feedback<\/span><\/p>\n<p class=\"font_8 wixui-rich-text__text\"><br class=\"wixui-rich-text__text\" \/>Ils ont la t\u00e2che de collecter des donn\u00e9es et des retours d&#8217;information pr\u00e9cis sur les besoins, les pr\u00e9occupations et les suggestions de leur base r\u00e9gionale. Ces informations sont vitales pour le Comit\u00e9 afin d&#8217;am\u00e9liorer les services et d&#8217;ajuster la strat\u00e9gie globale de l&#8217;association.<br class=\"wixui-rich-text__text\" \/><br class=\"wixui-rich-text__text\" \/><span class=\"wixui-rich-text__text\">7. Participation et Investissement<\/span><\/p>\n<p class=\"font_8 wixui-rich-text__text\"><br class=\"wixui-rich-text__text\" \/>Bien que la participation aux r\u00e9unions ne soit pas formellement obligatoire, un minimum d&#8217;investissement dans la fonction est indispensable. En cas d&#8217;emp\u00eachement ou de manque de disponibilit\u00e9 r\u00e9current, le D\u00e9l\u00e9gu\u00e9 doit en informer le Comit\u00e9 dans les plus brefs d\u00e9lais pour \u00eatre remplac\u00e9 ou efficacement second\u00e9.<br class=\"wixui-rich-text__text\" \/><br class=\"wixui-rich-text__text\" \/><span class=\"wixui-rich-text__text\">8. Rapports R\u00e9guliers<\/span><\/p>\n<p class=\"font_8 wixui-rich-text__text\"><br class=\"wixui-rich-text__text\" \/>Pour assurer une coordination transparente et efficace, les D\u00e9l\u00e9gu\u00e9s R\u00e9gionaux fournissent r\u00e9guli\u00e8rement au Comit\u00e9 des rapports (\u00e9crits ou par visioconf\u00e9rence) d\u00e9taillant les activit\u00e9s men\u00e9es, les probl\u00e8mes rencontr\u00e9s et les succ\u00e8s obtenus dans leur zone.<br class=\"wixui-rich-text__text\" \/><br class=\"wixui-rich-text__text\" \/><span class=\"wixui-rich-text__text\">Candidature<\/span><\/p>\n<p class=\"font_8 wixui-rich-text__text\"><br class=\"wixui-rich-text__text\" \/><span class=\"wixui-rich-text__text\">Le recrutement des D\u00e9l\u00e9gu\u00e9s est effectu\u00e9 par le Comit\u00e9 et se conclut par une acceptation \u00e0 l&#8217;unanimit\u00e9. Il n&#8217;y a pas de crit\u00e8re de profil sp\u00e9cifique exig\u00e9, si ce n&#8217;est une forte motivation, une bonne disponibilit\u00e9 et, bien entendu, une passion sinc\u00e8re pour le Pomsky ! Si ces fonctions vous int\u00e9ressent, nous vous encourageons vivement \u00e0 nous contacter par<span>\u00a0<\/span><a href=\"mailto:secretariat.alliance.pomsky@gmail.com\" target=\"_self\" class=\"wixui-rich-text__text\">mail<\/a>.<\/span><\/p>\n<p>[\/et_pb_text][\/et_pb_column][\/et_pb_row][\/et_pb_section]<\/p>\n","protected":false},"excerpt":{"rendered":"<p>D\u00e9l\u00e9gu\u00e9s R\u00e9gionauxLes D\u00e9l\u00e9gu\u00e9s R\u00e9gionaux sont la colonne vert\u00e9brale locale de l&#8217;Alliance des Amis du Pomsky (AAP). Leur r\u00f4le est fondamental pour assurer le bon fonctionnement, la visibilit\u00e9 et la repr\u00e9sentation de l&#8217;organisation sur l&#8217;ensemble du territoire. Mandhra Claux\u00a0 n.aquitaine.alliance.pomsky@gmail.com Nouvelle Aquitaine :\u00a0Contact pour les d\u00e9partements : Charente (16) Charente-Maritime (17) Corr\u00e8ze (19) Creuse (23) Dordogne [&hellip;]<\/p>\n","protected":false},"author":1,"featured_media":0,"parent":0,"menu_order":0,"comment_status":"closed","ping_status":"closed","template":"","meta":{"_et_pb_use_builder":"on","_et_pb_old_content":"","_et_gb_content_width":"","footnotes":""},"class_list":["post-122","page","type-page","status-publish","hentry"],"yoast_head":"<!-- This site is optimized with the Yoast SEO plugin v27.2 - https:\/\/yoast.com\/product\/yoast-seo-wordpress\/ -->\n<title>D\u00e9l\u00e9gu\u00e9s R\u00e9gionaux - club Alliance des amis du Pomsky<\/title>\n<meta name=\"robots\" content=\"index, follow, max-snippet:-1, max-image-preview:large, max-video-preview:-1\" \/>\n<link rel=\"canonical\" href=\"http:\/\/alliancedesamisdupomsky.com\/index.php\/delegues-regionaux\/\" \/>\n<meta property=\"og:locale\" content=\"fr_FR\" \/>\n<meta property=\"og:type\" content=\"article\" \/>\n<meta property=\"og:title\" content=\"D\u00e9l\u00e9gu\u00e9s R\u00e9gionaux - club Alliance des amis du Pomsky\" \/>\n<meta property=\"og:description\" content=\"D\u00e9l\u00e9gu\u00e9s R\u00e9gionauxLes D\u00e9l\u00e9gu\u00e9s R\u00e9gionaux sont la colonne vert\u00e9brale locale de l&#039;Alliance des Amis du Pomsky (AAP). Leur r\u00f4le est fondamental pour assurer le bon fonctionnement, la visibilit\u00e9 et la repr\u00e9sentation de l&#039;organisation sur l&#039;ensemble du territoire. Mandhra Claux\u00a0 n.aquitaine.alliance.pomsky@gmail.com Nouvelle Aquitaine :\u00a0Contact pour les d\u00e9partements : Charente (16) Charente-Maritime (17) Corr\u00e8ze (19) Creuse (23) Dordogne [&hellip;]\" \/>\n<meta property=\"og:url\" content=\"http:\/\/alliancedesamisdupomsky.com\/index.php\/delegues-regionaux\/\" \/>\n<meta property=\"og:site_name\" content=\"club Alliance des amis du Pomsky\" \/>\n<meta property=\"article:modified_time\" content=\"2026-03-20T09:30:54+00:00\" \/>\n<meta name=\"twitter:card\" content=\"summary_large_image\" \/>\n<script type=\"application\/ld+json\" class=\"yoast-schema-graph\">{\"@context\":\"https:\/\/schema.org\",\"@graph\":[{\"@type\":\"WebPage\",\"@id\":\"http:\/\/alliancedesamisdupomsky.com\/index.php\/delegues-regionaux\/\",\"url\":\"http:\/\/alliancedesamisdupomsky.com\/index.php\/delegues-regionaux\/\",\"name\":\"D\u00e9l\u00e9gu\u00e9s R\u00e9gionaux - club Alliance des amis du Pomsky\",\"isPartOf\":{\"@id\":\"http:\/\/alliancedesamisdupomsky.com\/#website\"},\"datePublished\":\"2026-03-20T09:02:08+00:00\",\"dateModified\":\"2026-03-20T09:30:54+00:00\",\"breadcrumb\":{\"@id\":\"http:\/\/alliancedesamisdupomsky.com\/index.php\/delegues-regionaux\/#breadcrumb\"},\"inLanguage\":\"fr-FR\",\"potentialAction\":[{\"@type\":\"ReadAction\",\"target\":[\"http:\/\/alliancedesamisdupomsky.com\/index.php\/delegues-regionaux\/\"]}]},{\"@type\":\"BreadcrumbList\",\"@id\":\"http:\/\/alliancedesamisdupomsky.com\/index.php\/delegues-regionaux\/#breadcrumb\",\"itemListElement\":[{\"@type\":\"ListItem\",\"position\":1,\"name\":\"Accueil\",\"item\":\"http:\/\/alliancedesamisdupomsky.com\/\"},{\"@type\":\"ListItem\",\"position\":2,\"name\":\"D\u00e9l\u00e9gu\u00e9s R\u00e9gionaux\"}]},{\"@type\":\"WebSite\",\"@id\":\"http:\/\/alliancedesamisdupomsky.com\/#website\",\"url\":\"http:\/\/alliancedesamisdupomsky.com\/\",\"name\":\"club Alliance des amis du Pomsky\",\"description\":\"club du Pomsky\",\"potentialAction\":[{\"@type\":\"SearchAction\",\"target\":{\"@type\":\"EntryPoint\",\"urlTemplate\":\"http:\/\/alliancedesamisdupomsky.com\/?s={search_term_string}\"},\"query-input\":{\"@type\":\"PropertyValueSpecification\",\"valueRequired\":true,\"valueName\":\"search_term_string\"}}],\"inLanguage\":\"fr-FR\"}]}<\/script>\n<!-- \/ Yoast SEO plugin. -->","yoast_head_json":{"title":"D\u00e9l\u00e9gu\u00e9s R\u00e9gionaux - club Alliance des amis du Pomsky","robots":{"index":"index","follow":"follow","max-snippet":"max-snippet:-1","max-image-preview":"max-image-preview:large","max-video-preview":"max-video-preview:-1"},"canonical":"http:\/\/alliancedesamisdupomsky.com\/index.php\/delegues-regionaux\/","og_locale":"fr_FR","og_type":"article","og_title":"D\u00e9l\u00e9gu\u00e9s R\u00e9gionaux - club Alliance des amis du Pomsky","og_description":"D\u00e9l\u00e9gu\u00e9s R\u00e9gionauxLes D\u00e9l\u00e9gu\u00e9s R\u00e9gionaux sont la colonne vert\u00e9brale locale de l'Alliance des Amis du Pomsky (AAP). Leur r\u00f4le est fondamental pour assurer le bon fonctionnement, la visibilit\u00e9 et la repr\u00e9sentation de l'organisation sur l'ensemble du territoire. Mandhra Claux\u00a0 n.aquitaine.alliance.pomsky@gmail.com Nouvelle Aquitaine :\u00a0Contact pour les d\u00e9partements : Charente (16) Charente-Maritime (17) Corr\u00e8ze (19) Creuse (23) Dordogne [&hellip;]","og_url":"http:\/\/alliancedesamisdupomsky.com\/index.php\/delegues-regionaux\/","og_site_name":"club Alliance des amis du Pomsky","article_modified_time":"2026-03-20T09:30:54+00:00","twitter_card":"summary_large_image","schema":{"@context":"https:\/\/schema.org","@graph":[{"@type":"WebPage","@id":"http:\/\/alliancedesamisdupomsky.com\/index.php\/delegues-regionaux\/","url":"http:\/\/alliancedesamisdupomsky.com\/index.php\/delegues-regionaux\/","name":"D\u00e9l\u00e9gu\u00e9s R\u00e9gionaux - club Alliance des amis du Pomsky","isPartOf":{"@id":"http:\/\/alliancedesamisdupomsky.com\/#website"},"datePublished":"2026-03-20T09:02:08+00:00","dateModified":"2026-03-20T09:30:54+00:00","breadcrumb":{"@id":"http:\/\/alliancedesamisdupomsky.com\/index.php\/delegues-regionaux\/#breadcrumb"},"inLanguage":"fr-FR","potentialAction":[{"@type":"ReadAction","target":["http:\/\/alliancedesamisdupomsky.com\/index.php\/delegues-regionaux\/"]}]},{"@type":"BreadcrumbList","@id":"http:\/\/alliancedesamisdupomsky.com\/index.php\/delegues-regionaux\/#breadcrumb","itemListElement":[{"@type":"ListItem","position":1,"name":"Accueil","item":"http:\/\/alliancedesamisdupomsky.com\/"},{"@type":"ListItem","position":2,"name":"D\u00e9l\u00e9gu\u00e9s R\u00e9gionaux"}]},{"@type":"WebSite","@id":"http:\/\/alliancedesamisdupomsky.com\/#website","url":"http:\/\/alliancedesamisdupomsky.com\/","name":"club Alliance des amis du Pomsky","description":"club du Pomsky","potentialAction":[{"@type":"SearchAction","target":{"@type":"EntryPoint","urlTemplate":"http:\/\/alliancedesamisdupomsky.com\/?s={search_term_string}"},"query-input":{"@type":"PropertyValueSpecification","valueRequired":true,"valueName":"search_term_string"}}],"inLanguage":"fr-FR"}]}},"_links":{"self":[{"href":"https:\/\/alliancedesamisdupomsky.com\/index.php\/wp-json\/wp\/v2\/pages\/122","targetHints":{"allow":["GET"]}}],"collection":[{"href":"https:\/\/alliancedesamisdupomsky.com\/index.php\/wp-json\/wp\/v2\/pages"}],"about":[{"href":"https:\/\/alliancedesamisdupomsky.com\/index.php\/wp-json\/wp\/v2\/types\/page"}],"author":[{"embeddable":true,"href":"https:\/\/alliancedesamisdupomsky.com\/index.php\/wp-json\/wp\/v2\/users\/1"}],"replies":[{"embeddable":true,"href":"https:\/\/alliancedesamisdupomsky.com\/index.php\/wp-json\/wp\/v2\/comments?post=122"}],"version-history":[{"count":3,"href":"https:\/\/alliancedesamisdupomsky.com\/index.php\/wp-json\/wp\/v2\/pages\/122\/revisions"}],"predecessor-version":[{"id":126,"href":"https:\/\/alliancedesamisdupomsky.com\/index.php\/wp-json\/wp\/v2\/pages\/122\/revisions\/126"}],"wp:attachment":[{"href":"https:\/\/alliancedesamisdupomsky.com\/index.php\/wp-json\/wp\/v2\/media?parent=122"}],"curies":[{"name":"wp","href":"https:\/\/api.w.org\/{rel}","templated":true}]}}