{"id":175,"date":"2026-03-24T08:50:26","date_gmt":"2026-03-24T08:50:26","guid":{"rendered":"http:\/\/egpffmz.cluster100.hosting.ovh.net\/?page_id=175"},"modified":"2026-03-30T07:15:38","modified_gmt":"2026-03-30T07:15:38","slug":"carte-interactive-du-pomsky","status":"publish","type":"page","link":"https:\/\/alliancedesamisdupomsky.com\/index.php\/carte-interactive-du-pomsky\/","title":{"rendered":"carte interactive du pomsky"},"content":{"rendered":"\n[et_pb_section fb_built=&#8221;1&#8243; _builder_version=&#8221;4.27.5&#8243; _module_preset=&#8221;default&#8221; global_colors_info=&#8221;{}&#8221;][et_pb_row _builder_version=&#8221;4.27.5&#8243; _module_preset=&#8221;default&#8221; global_colors_info=&#8221;{}&#8221;][et_pb_column type=&#8221;4_4&#8243; _builder_version=&#8221;4.27.5&#8243; _module_preset=&#8221;default&#8221; global_colors_info=&#8221;{}&#8221;][et_pb_text _builder_version=&#8221;4.27.5&#8243; _module_preset=&#8221;default&#8221; hover_enabled=&#8221;0&#8243; text_text_shadow_style=&#8221;preset1&#8243; global_colors_info=&#8221;{}&#8221; sticky_enabled=&#8221;0&#8243;]<h1 class=\"font_0 wixui-rich-text__text\" style=\"text-align: center;\"><strong>Notre Carte Interactive pour d\u00e9couvrir nos membres<\/strong><\/h1>[\/et_pb_text][et_pb_text _builder_version=&#8221;4.27.5&#8243; _module_preset=&#8221;default&#8221; custom_padding=&#8221;20px|20px|20px|20px|false|false&#8221; hover_enabled=&#8221;0&#8243; border_radii=&#8221;on|30px|30px|30px|30px&#8221; box_shadow_style=&#8221;preset2&#8243; global_colors_info=&#8221;{}&#8221; sticky_enabled=&#8221;0&#8243;]<p><span style=\"color: #000000;\">Sur l\u2019impulsion de notre d\u00e9l\u00e9gu\u00e9e de Nouvelle Aquitaine Mhandra Claux, nous avons cr\u00e9\u00e9 cette carte qui se veut \u00eatre la future r\u00e9f\u00e9rence incontournable pour tous ceux qui recherchent un Pomsky et pour les \u00e9leveurs qui veulent obtenir plus de visibilit\u00e9.\u00a0<\/span><br class=\"wixui-rich-text__text\" \/><br class=\"wixui-rich-text__text\" \/><span style=\"color: #000000;\">Nous y avons ajout\u00e9 \u00e9galement les \u00e9v\u00e8nements que vous organisez ainsi que les \u00e9talons que vous souhaiter proposer pour saillies ext\u00e9rieures.\u00a0<\/span><br class=\"wixui-rich-text__text\" \/><br class=\"wixui-rich-text__text\" \/><span class=\"wixui-rich-text__text\" style=\"color: #000000;\">Une seule condition ? Etre membre de notre Club !\u00a0<\/span><br class=\"wixui-rich-text__text\" \/><br \/><span class=\"wixui-rich-text__text\"><\/span><\/p>[\/et_pb_text][et_pb_code _builder_version=&#8221;4.27.5&#8243; _module_preset=&#8221;default&#8221; global_colors_info=&#8221;{}&#8221;]<iframe src=\"https:\/\/www.google.com\/maps\/d\/embed?mid=1eTwNbNf0x3FzvADBngJkzeJO9TVPcBo&#038;ehbc=2E312F\" width=\"100%\" height=\"480\" style=\"border:0;\" allowfullscreen=\"\" loading=\"lazy\"><\/iframe>[\/et_pb_code][et_pb_text _builder_version=&#8221;4.27.5&#8243; _module_preset=&#8221;default&#8221; custom_padding=&#8221;20px|20px|20px|20px|false|false&#8221; hover_enabled=&#8221;0&#8243; border_radii=&#8221;on|30px|30px|30px|30px&#8221; box_shadow_style=&#8221;preset2&#8243; global_colors_info=&#8221;{}&#8221; sticky_enabled=&#8221;0&#8243; background_color=&#8221;rgba(200,139,218,0.36)&#8221;]<p><strong><span style=\"color: #000000;\">Toutes les informations sont dans cette video :\u00a0<\/span><\/strong><br class=\"wixui-rich-text__text\" \/><span class=\"wixui-rich-text__text\" style=\"color: #000080;\"><a href=\"https:\/\/www.youtube.com\/watch?v=ZYoTFuo-ye8\" target=\"_blank\" rel=\"noreferrer noopener\" class=\"wixui-rich-text__text\" style=\"color: #000080;\">https:\/\/www.youtube.com\/watch?v=ZYoTFuo-ye8<\/a><\/span><\/p>[\/et_pb_text][\/et_pb_column][\/et_pb_row][et_pb_row _builder_version=&#8221;4.27.5&#8243; _module_preset=&#8221;default&#8221; global_colors_info=&#8221;{}&#8221;][et_pb_column type=&#8221;4_4&#8243; _builder_version=&#8221;4.27.5&#8243; _module_preset=&#8221;default&#8221; global_colors_info=&#8221;{}&#8221;][et_pb_video src=&#8221;https:\/\/www.youtube.com\/watch?v=ZYoTFuo-ye8&#8243; _builder_version=&#8221;4.27.5&#8243; _module_preset=&#8221;default&#8221; global_colors_info=&#8221;{}&#8221;][\/et_pb_video][et_pb_text _builder_version=&#8221;4.27.5&#8243; _module_preset=&#8221;default&#8221; background_color=&#8221;rgba(200,139,218,0.36)&#8221; custom_padding=&#8221;20px|20px|20px|20px|false|false&#8221; hover_enabled=&#8221;0&#8243; border_radii=&#8221;on|30px|30px|30px|30px&#8221; box_shadow_style=&#8221;preset2&#8243; global_colors_info=&#8221;{}&#8221; sticky_enabled=&#8221;0&#8243;]<h2 data-path-to-node=\"4\"><span style=\"color: #000000;\">\ud83d\udccd Pourquoi inscrire vos chiens sur notre carte ?<\/span><\/h2>\n<ul data-path-to-node=\"5\">\n<li>\n<p data-path-to-node=\"5,0,0\"><span style=\"color: #000000;\"><b data-path-to-node=\"5,0,0\" data-index-in-node=\"0\">Une visibilit\u00e9 exceptionnelle :<\/b> Faites-vous conna\u00eetre au niveau local et national aupr\u00e8s d&#8217;une vraie communaut\u00e9 de passionn\u00e9s de Pomsky. \ud83d\udc15<\/span><\/p>\n<\/li>\n<li>\n<p data-path-to-node=\"5,1,0\"><span style=\"color: #000000;\"><b data-path-to-node=\"5,1,0\" data-index-in-node=\"0\">Une audience prouv\u00e9e :<\/b> Notre carte cumule d\u00e9j\u00e0 <b data-path-to-node=\"5,1,0\" data-index-in-node=\"47\">plus de 47 000 vues<\/b> et b\u00e9n\u00e9ficie de partages r\u00e9guliers sur les plus grands groupes canins.<\/span><\/p>\n<\/li>\n<li>\n<p data-path-to-node=\"5,2,0\"><span style=\"color: #000000;\"><b data-path-to-node=\"5,2,0\" data-index-in-node=\"0\">Transparence et Bienveillance :<\/b> Un moyen simple et direct de pr\u00e9senter vos m\u00e2les reproducteurs et vos nouvelles port\u00e9es dans un cadre \u00e9thique.<\/span><\/p>\n<\/li>\n<\/ul>\n<hr data-path-to-node=\"6\" \/>\n<h2 data-path-to-node=\"7\"><span style=\"color: #000000;\">\ud83d\udc3e Inscrire un \u00c9talon (M\u00e2le Reproducteur)<\/span><\/h2>\n<p data-path-to-node=\"8\"><span style=\"color: #000000;\">Faites d\u00e9couvrir vos m\u00e2les disponibles pour saillie et mettez en valeur vos lign\u00e9es.<\/span><\/p>\n<p data-path-to-node=\"9\"><span style=\"color: #000000;\"><b data-path-to-node=\"9\" data-index-in-node=\"0\">\ud83d\udcb6 Tarifs \u00c9talons :<\/b><\/span><\/p>\n<ul data-path-to-node=\"10\">\n<li>\n<p data-path-to-node=\"10,0,0\"><span style=\"color: #000000;\"><b data-path-to-node=\"10,0,0\" data-index-in-node=\"0\">Membres de l&#8217;Alliance :<\/b> Gratuit ! L&#8217;inscription de votre m\u00e2le vous est offerte (demande obligatoire).<\/span><\/p>\n<\/li>\n<li>\n<p data-path-to-node=\"10,1,0\"><span style=\"color: #000000;\"><b data-path-to-node=\"10,1,0\" data-index-in-node=\"0\">Non-adh\u00e9rents :<\/b> 10 \u20ac par m\u00e2le reproducteur.<\/span><\/p>\n<\/li>\n<\/ul>\n<p data-path-to-node=\"11\"><span style=\"color: #000000;\"><b data-path-to-node=\"11\" data-index-in-node=\"0\">\u2705 Comment faire la demande ?<\/b> Envoyez votre dossier complet par e-mail \u00e0 <b data-path-to-node=\"11\" data-index-in-node=\"72\">n.aquitaine.alliance.pomsky@gmail.com<\/b> ou par message priv\u00e9 Facebook \u00e0 <b data-path-to-node=\"11\" data-index-in-node=\"142\">Heidi Eve<\/b> avec :<\/span><\/p>\n<ul data-path-to-node=\"12\">\n<li>\n<p data-path-to-node=\"12,0,0\"><span style=\"color: #000000;\"><b data-path-to-node=\"12,0,0\" data-index-in-node=\"0\">Informations obligatoires :<\/b> Nom du chien, date de naissance, couleur, type de poil, cat\u00e9gorie de taille (et poids), test Embark (ou \u00e9quivalent), description compl\u00e8te (caract\u00e8re, morphologie), ville ou rayon de d\u00e9placement, et 1 \u00e0 3 photos de qualit\u00e9.<\/span><\/p>\n<\/li>\n<li>\n<p data-path-to-node=\"12,1,0\"><span style=\"color: #000000;\"><b data-path-to-node=\"12,1,0\" data-index-in-node=\"0\">Informations compl\u00e9mentaires :<\/b> P\u00e9digr\u00e9e, empreinte ADN, affiliation parentale, r\u00e9sultats d\u2019exposition, et autres tests de sant\u00e9 (yeux, hanches, rotules, etc.).<\/span><\/p>\n<\/li>\n<\/ul>\n<hr data-path-to-node=\"13\" \/>\n<h2 data-path-to-node=\"14\"><span style=\"color: #000000;\">\ud83d\udc36 \ud83c\udf89 NOUVEAUT\u00c9 : Annoncer une Port\u00e9e de Chiots !<\/span><\/h2>\n<p data-path-to-node=\"15\"><span style=\"color: #000000;\">La carte s&#8217;enrichit : place aux chiots (de moins de 6 mois) ! Les \u00e9leveurs peuvent d\u00e9sormais y faire appara\u00eetre leurs port\u00e9es disponibles. \u26a0\ufe0f <i data-path-to-node=\"15\" data-index-in-node=\"142\">Attention : Pour figurer sur la carte en tant qu&#8217;\u00e9leveur fran\u00e7ais, <b data-path-to-node=\"15\" data-index-in-node=\"209\">le num\u00e9ro de SIRET et l&#8217;ACACED sont obligatoires<\/b>.<\/i> \ud83d\udc9b<\/span><\/p>\n<h3 data-path-to-node=\"16\"><span style=\"color: #000000;\"><b data-path-to-node=\"16\" data-index-in-node=\"0\">\ud83d\udcb6 Tarifs Port\u00e9es (Adh\u00e9rents de l&#8217;Alliance) :<\/b><\/span><\/h3>\n<ul data-path-to-node=\"17\">\n<li>\n<p data-path-to-node=\"17,0,0\"><span style=\"color: #000000;\">1 port\u00e9e : 5 \u20ac<\/span><\/p>\n<\/li>\n<li>\n<p data-path-to-node=\"17,1,0\"><span style=\"color: #000000;\">2 port\u00e9es : 8 \u20ac<\/span><\/p>\n<\/li>\n<li>\n<p data-path-to-node=\"17,2,0\"><span style=\"color: #000000;\">Forfait 6 mois (nombre de port\u00e9es illimit\u00e9) : 15 \u20ac<\/span><\/p>\n<\/li>\n<li>\n<p data-path-to-node=\"17,3,0\"><span style=\"color: #000000;\">Forfait 1 an (nombre de port\u00e9es illimit\u00e9) : 20 \u20ac<\/span><\/p>\n<\/li>\n<\/ul>\n<h3 data-path-to-node=\"18\"><span style=\"color: #000000;\"><b data-path-to-node=\"18\" data-index-in-node=\"0\">\ud83d\udcb6 Tarifs Port\u00e9es (Non-adh\u00e9rents) :<\/b><\/span><\/h3>\n<ul data-path-to-node=\"19\">\n<li>\n<p data-path-to-node=\"19,0,0\"><span style=\"color: #000000;\">1 port\u00e9e : 8 \u20ac<\/span><\/p>\n<\/li>\n<li>\n<p data-path-to-node=\"19,1,0\"><span style=\"color: #000000;\">2 port\u00e9es : 12 \u20ac<\/span><\/p>\n<\/li>\n<li>\n<p data-path-to-node=\"19,2,0\"><span style=\"color: #000000;\">Forfait 6 mois (nombre de port\u00e9es illimit\u00e9) : 20 \u20ac<\/span><\/p>\n<\/li>\n<li>\n<p data-path-to-node=\"19,3,0\"><span style=\"color: #000000;\">Forfait 1 an (nombre de port\u00e9es illimit\u00e9) : 25 \u20ac<\/span><\/p>\n<\/li>\n<\/ul>\n<h3 data-path-to-node=\"20\"><span style=\"color: #000000;\"><b data-path-to-node=\"20\" data-index-in-node=\"0\">\u2705 Comment annoncer votre port\u00e9e ?<\/b><\/span><\/h3>\n<p data-path-to-node=\"20\"><span style=\"color: #000000;\"> Envoyez votre demande par e-mail \u00e0 <b data-path-to-node=\"20\" data-index-in-node=\"69\">n.aquitaine.alliance.pomsky@gmail.com<\/b> ou par message priv\u00e9 Facebook \u00e0 <b data-path-to-node=\"20\" data-index-in-node=\"139\">Heidi Eve<\/b> avec :<\/span><\/p>\n<p data-path-to-node=\"21\"><span style=\"color: #000000;\"><b data-path-to-node=\"21\" data-index-in-node=\"0\">1. Vos informations professionnelles :<\/b><\/span><\/p>\n<ul data-path-to-node=\"22\">\n<li>\n<p data-path-to-node=\"22,0,0\"><span style=\"color: #000000;\">Nom de l\u2019\u00e9levage<\/span><\/p>\n<\/li>\n<li>\n<p data-path-to-node=\"22,1,0\"><span style=\"color: #000000;\">Coordonn\u00e9es compl\u00e8tes (mail, t\u00e9l\u00e9phone, r\u00e9gion)<\/span><\/p>\n<\/li>\n<li>\n<p data-path-to-node=\"22,2,0\"><span style=\"color: #000000;\">Num\u00e9ro de SIRET et ACACED (obligatoire pour la France)<\/span><\/p>\n<\/li>\n<\/ul>\n<p data-path-to-node=\"23\"><span style=\"color: #000000;\"><b data-path-to-node=\"23\" data-index-in-node=\"0\">2. Les informations sur la port\u00e9e (Obligatoire) :<\/b><\/span><\/p>\n<ul data-path-to-node=\"24\">\n<li>\n<p data-path-to-node=\"24,0,0\"><span style=\"color: #000000;\">Nature de l\u2019offre : vente ou don<\/span><\/p>\n<\/li>\n<li>\n<p data-path-to-node=\"24,1,0\"><span style=\"color: #000000;\">Type Pomsky (la race n&#8217;\u00e9tant pas encore reconnue officiellement)<\/span><\/p>\n<\/li>\n<li>\n<p data-path-to-node=\"24,2,0\"><span style=\"color: #000000;\">Nombre de m\u00e2les et de femelles dans la port\u00e9e<\/span><\/p>\n<\/li>\n<li>\n<p data-path-to-node=\"24,3,0\"><span style=\"color: #000000;\">Couleur de chaque chiot<\/span><\/p>\n<\/li>\n<li>\n<p data-path-to-node=\"24,4,0\"><span style=\"color: #000000;\">Date de naissance<\/span><\/p>\n<\/li>\n<li>\n<p data-path-to-node=\"24,5,0\"><span style=\"color: #000000;\">Num\u00e9ro d\u2019identification de la m\u00e8re<\/span><\/p>\n<\/li>\n<li>\n<p data-path-to-node=\"24,6,0\"><span style=\"color: #000000;\">Photos des chiots<\/span><\/p>\n<\/li>\n<\/ul>\n<hr data-path-to-node=\"25\" \/>\n<p data-path-to-node=\"26\"><span style=\"color: #000000;\">\ud83d\udce2 <b data-path-to-node=\"26\" data-index-in-node=\"3\">N\u2019oubliez pas de PARTAGER la carte !<\/b> Plus elle sera diffus\u00e9e, plus elle aidera \u00e0 faire conna\u00eetre vos \u00e9levages et \u00e0 faire grandir ensemble la belle communaut\u00e9 du Monde du Pomsky !<\/span><\/p>[\/et_pb_text][\/et_pb_column][\/et_pb_row][et_pb_row _builder_version=&#8221;4.27.5&#8243; _module_preset=&#8221;default&#8221;][et_pb_column _builder_version=&#8221;4.27.5&#8243; _module_preset=&#8221;default&#8221; type=&#8221;4_4&#8243;][et_pb_gallery _builder_version=&#8221;4.27.5&#8243; _module_preset=&#8221;default&#8221; hover_enabled=&#8221;0&#8243; sticky_enabled=&#8221;0&#8243;][\/et_pb_gallery][\/et_pb_column][\/et_pb_row][\/et_pb_section]\n","protected":false},"excerpt":{"rendered":"<p>Notre Carte Interactive pour d\u00e9couvrir nos membresSur l\u2019impulsion de notre d\u00e9l\u00e9gu\u00e9e de Nouvelle Aquitaine Mhandra Claux, nous avons cr\u00e9\u00e9 cette carte qui se veut \u00eatre la future r\u00e9f\u00e9rence incontournable pour tous ceux qui recherchent un Pomsky et pour les \u00e9leveurs qui veulent obtenir plus de visibilit\u00e9.\u00a0Nous y avons ajout\u00e9 \u00e9galement les \u00e9v\u00e8nements que vous organisez [&hellip;]<\/p>\n","protected":false},"author":1,"featured_media":0,"parent":0,"menu_order":0,"comment_status":"closed","ping_status":"closed","template":"","meta":{"_et_pb_use_builder":"on","_et_pb_old_content":"","_et_gb_content_width":"","footnotes":""},"class_list":["post-175","page","type-page","status-publish","hentry"],"yoast_head":"<!-- This site is optimized with the Yoast SEO plugin v27.2 - https:\/\/yoast.com\/product\/yoast-seo-wordpress\/ -->\n<title>carte interactive du pomsky - club Alliance des amis du Pomsky Notre Carte Interactive des membres<\/title>\n<meta name=\"description\" content=\"D\u00e9couvrez la carte interactive de l&#039;Alliance des Amis du Pomsky. Trouvez facilement un \u00e9leveur, un \u00e9talon pour saillie ou une port\u00e9e disponible pr\u00e8s de chez vous.\" \/>\n<meta name=\"robots\" content=\"index, follow, max-snippet:-1, max-image-preview:large, max-video-preview:-1\" \/>\n<link rel=\"canonical\" href=\"http:\/\/alliancedesamisdupomsky.com\/index.php\/carte-interactive-du-pomsky\/\" \/>\n<meta property=\"og:locale\" content=\"fr_FR\" \/>\n<meta property=\"og:type\" content=\"article\" \/>\n<meta property=\"og:title\" content=\"carte interactive du pomsky - club Alliance des amis du Pomsky Notre Carte Interactive des membres\" \/>\n<meta property=\"og:description\" content=\"D\u00e9couvrez la carte interactive de l&#039;Alliance des Amis du Pomsky. Trouvez facilement un \u00e9leveur, un \u00e9talon pour saillie ou une port\u00e9e disponible pr\u00e8s de chez vous.\" \/>\n<meta property=\"og:url\" content=\"http:\/\/alliancedesamisdupomsky.com\/index.php\/carte-interactive-du-pomsky\/\" \/>\n<meta property=\"og:site_name\" content=\"club Alliance des amis du Pomsky\" \/>\n<meta property=\"article:modified_time\" content=\"2026-03-30T07:15:38+00:00\" \/>\n<meta name=\"twitter:card\" content=\"summary_large_image\" \/>\n<meta name=\"twitter:label1\" content=\"Dur\u00e9e de lecture estim\u00e9e\" \/>\n\t<meta name=\"twitter:data1\" content=\"4 minutes\" \/>\n<script type=\"application\/ld+json\" class=\"yoast-schema-graph\">{\"@context\":\"https:\/\/schema.org\",\"@graph\":[{\"@type\":\"WebPage\",\"@id\":\"http:\/\/alliancedesamisdupomsky.com\/index.php\/carte-interactive-du-pomsky\/\",\"url\":\"http:\/\/alliancedesamisdupomsky.com\/index.php\/carte-interactive-du-pomsky\/\",\"name\":\"carte interactive du pomsky - club Alliance des amis du Pomsky Notre Carte Interactive des membres\",\"isPartOf\":{\"@id\":\"http:\/\/alliancedesamisdupomsky.com\/#website\"},\"datePublished\":\"2026-03-24T08:50:26+00:00\",\"dateModified\":\"2026-03-30T07:15:38+00:00\",\"description\":\"D\u00e9couvrez la carte interactive de l'Alliance des Amis du Pomsky. Trouvez facilement un \u00e9leveur, un \u00e9talon pour saillie ou une port\u00e9e disponible pr\u00e8s de chez vous.\",\"breadcrumb\":{\"@id\":\"http:\/\/alliancedesamisdupomsky.com\/index.php\/carte-interactive-du-pomsky\/#breadcrumb\"},\"inLanguage\":\"fr-FR\",\"potentialAction\":[{\"@type\":\"ReadAction\",\"target\":[\"http:\/\/alliancedesamisdupomsky.com\/index.php\/carte-interactive-du-pomsky\/\"]}]},{\"@type\":\"BreadcrumbList\",\"@id\":\"http:\/\/alliancedesamisdupomsky.com\/index.php\/carte-interactive-du-pomsky\/#breadcrumb\",\"itemListElement\":[{\"@type\":\"ListItem\",\"position\":1,\"name\":\"Accueil\",\"item\":\"http:\/\/alliancedesamisdupomsky.com\/\"},{\"@type\":\"ListItem\",\"position\":2,\"name\":\"carte interactive du pomsky\"}]},{\"@type\":\"WebSite\",\"@id\":\"http:\/\/alliancedesamisdupomsky.com\/#website\",\"url\":\"http:\/\/alliancedesamisdupomsky.com\/\",\"name\":\"club Alliance des amis du Pomsky\",\"description\":\"club du Pomsky\",\"potentialAction\":[{\"@type\":\"SearchAction\",\"target\":{\"@type\":\"EntryPoint\",\"urlTemplate\":\"http:\/\/alliancedesamisdupomsky.com\/?s={search_term_string}\"},\"query-input\":{\"@type\":\"PropertyValueSpecification\",\"valueRequired\":true,\"valueName\":\"search_term_string\"}}],\"inLanguage\":\"fr-FR\"}]}<\/script>\n<!-- \/ Yoast SEO plugin. -->","yoast_head_json":{"title":"carte interactive du pomsky - club Alliance des amis du Pomsky Notre Carte Interactive des membres","description":"D\u00e9couvrez la carte interactive de l'Alliance des Amis du Pomsky. Trouvez facilement un \u00e9leveur, un \u00e9talon pour saillie ou une port\u00e9e disponible pr\u00e8s de chez vous.","robots":{"index":"index","follow":"follow","max-snippet":"max-snippet:-1","max-image-preview":"max-image-preview:large","max-video-preview":"max-video-preview:-1"},"canonical":"http:\/\/alliancedesamisdupomsky.com\/index.php\/carte-interactive-du-pomsky\/","og_locale":"fr_FR","og_type":"article","og_title":"carte interactive du pomsky - club Alliance des amis du Pomsky Notre Carte Interactive des membres","og_description":"D\u00e9couvrez la carte interactive de l'Alliance des Amis du Pomsky. Trouvez facilement un \u00e9leveur, un \u00e9talon pour saillie ou une port\u00e9e disponible pr\u00e8s de chez vous.","og_url":"http:\/\/alliancedesamisdupomsky.com\/index.php\/carte-interactive-du-pomsky\/","og_site_name":"club Alliance des amis du Pomsky","article_modified_time":"2026-03-30T07:15:38+00:00","twitter_card":"summary_large_image","twitter_misc":{"Dur\u00e9e de lecture estim\u00e9e":"4 minutes"},"schema":{"@context":"https:\/\/schema.org","@graph":[{"@type":"WebPage","@id":"http:\/\/alliancedesamisdupomsky.com\/index.php\/carte-interactive-du-pomsky\/","url":"http:\/\/alliancedesamisdupomsky.com\/index.php\/carte-interactive-du-pomsky\/","name":"carte interactive du pomsky - club Alliance des amis du Pomsky Notre Carte Interactive des membres","isPartOf":{"@id":"http:\/\/alliancedesamisdupomsky.com\/#website"},"datePublished":"2026-03-24T08:50:26+00:00","dateModified":"2026-03-30T07:15:38+00:00","description":"D\u00e9couvrez la carte interactive de l'Alliance des Amis du Pomsky. Trouvez facilement un \u00e9leveur, un \u00e9talon pour saillie ou une port\u00e9e disponible pr\u00e8s de chez vous.","breadcrumb":{"@id":"http:\/\/alliancedesamisdupomsky.com\/index.php\/carte-interactive-du-pomsky\/#breadcrumb"},"inLanguage":"fr-FR","potentialAction":[{"@type":"ReadAction","target":["http:\/\/alliancedesamisdupomsky.com\/index.php\/carte-interactive-du-pomsky\/"]}]},{"@type":"BreadcrumbList","@id":"http:\/\/alliancedesamisdupomsky.com\/index.php\/carte-interactive-du-pomsky\/#breadcrumb","itemListElement":[{"@type":"ListItem","position":1,"name":"Accueil","item":"http:\/\/alliancedesamisdupomsky.com\/"},{"@type":"ListItem","position":2,"name":"carte interactive du pomsky"}]},{"@type":"WebSite","@id":"http:\/\/alliancedesamisdupomsky.com\/#website","url":"http:\/\/alliancedesamisdupomsky.com\/","name":"club Alliance des amis du Pomsky","description":"club du Pomsky","potentialAction":[{"@type":"SearchAction","target":{"@type":"EntryPoint","urlTemplate":"http:\/\/alliancedesamisdupomsky.com\/?s={search_term_string}"},"query-input":{"@type":"PropertyValueSpecification","valueRequired":true,"valueName":"search_term_string"}}],"inLanguage":"fr-FR"}]}},"_links":{"self":[{"href":"https:\/\/alliancedesamisdupomsky.com\/index.php\/wp-json\/wp\/v2\/pages\/175","targetHints":{"allow":["GET"]}}],"collection":[{"href":"https:\/\/alliancedesamisdupomsky.com\/index.php\/wp-json\/wp\/v2\/pages"}],"about":[{"href":"https:\/\/alliancedesamisdupomsky.com\/index.php\/wp-json\/wp\/v2\/types\/page"}],"author":[{"embeddable":true,"href":"https:\/\/alliancedesamisdupomsky.com\/index.php\/wp-json\/wp\/v2\/users\/1"}],"replies":[{"embeddable":true,"href":"https:\/\/alliancedesamisdupomsky.com\/index.php\/wp-json\/wp\/v2\/comments?post=175"}],"version-history":[{"count":8,"href":"https:\/\/alliancedesamisdupomsky.com\/index.php\/wp-json\/wp\/v2\/pages\/175\/revisions"}],"predecessor-version":[{"id":391,"href":"https:\/\/alliancedesamisdupomsky.com\/index.php\/wp-json\/wp\/v2\/pages\/175\/revisions\/391"}],"wp:attachment":[{"href":"https:\/\/alliancedesamisdupomsky.com\/index.php\/wp-json\/wp\/v2\/media?parent=175"}],"curies":[{"name":"wp","href":"https:\/\/api.w.org\/{rel}","templated":true}]}}