{"id":179,"date":"2026-03-24T09:08:29","date_gmt":"2026-03-24T09:08:29","guid":{"rendered":"http:\/\/egpffmz.cluster100.hosting.ovh.net\/?page_id=179"},"modified":"2026-04-07T10:33:11","modified_gmt":"2026-04-07T10:33:11","slug":"adhesion-au-club-alliance-des-amis-du-pomsky","status":"publish","type":"page","link":"https:\/\/alliancedesamisdupomsky.com\/index.php\/adhesion-au-club-alliance-des-amis-du-pomsky\/","title":{"rendered":"adh\u00e9sion au club alliance des amis du pomsky"},"content":{"rendered":"<p>[et_pb_section fb_built=&#8221;1&#8243; _builder_version=&#8221;4.27.5&#8243; _module_preset=&#8221;default&#8221; global_colors_info=&#8221;{}&#8221;][et_pb_row _builder_version=&#8221;4.27.5&#8243; _module_preset=&#8221;default&#8221; global_colors_info=&#8221;{}&#8221;][et_pb_column type=&#8221;4_4&#8243; _builder_version=&#8221;4.27.5&#8243; _module_preset=&#8221;default&#8221; global_colors_info=&#8221;{}&#8221;][et_pb_text _builder_version=&#8221;4.27.5&#8243; _module_preset=&#8221;default&#8221; hover_enabled=&#8221;0&#8243; text_text_shadow_style=&#8221;preset1&#8243; global_colors_info=&#8221;{}&#8221; sticky_enabled=&#8221;0&#8243;]<\/p>\n<h1 style=\"text-align: center;\"><strong>Formulaire d&#8217;adh\u00e9sion au\u00a0 club alliance des amis du pomsky<\/strong><\/h1>\n<p>[\/et_pb_text][\/et_pb_column][\/et_pb_row][et_pb_row _builder_version=&#8221;4.27.5&#8243; _module_preset=&#8221;default&#8221; global_colors_info=&#8221;{}&#8221;][et_pb_column type=&#8221;4_4&#8243; _builder_version=&#8221;4.27.5&#8243; _module_preset=&#8221;default&#8221; global_colors_info=&#8221;{}&#8221;][et_pb_text _builder_version=&#8221;4.27.5&#8243; _module_preset=&#8221;default&#8221; custom_padding=&#8221;20px|20px|20px|20px|false|false&#8221; hover_enabled=&#8221;0&#8243; border_radii=&#8221;on|30px|30px|30px|30px&#8221; box_shadow_style=&#8221;preset2&#8243; global_colors_info=&#8221;{}&#8221; sticky_enabled=&#8221;0&#8243;]<\/p>\n<h2><strong><span style=\"color: #000000;\">Bienvenue \u00e0 l&#8217;ALLIANCE DES AMIS DU POMSKY !<\/span><\/strong><\/h2>\n<p><strong><span style=\"color: #000000;\"><\/span><\/strong><\/p>\n<p><strong><span style=\"color: #000000;\"><\/span><\/strong><\/p>\n<div><\/div>\n<div><span style=\"color: #000000;\">Nous sommes heureux de vous accueillir dans ce Club d\u00e9di\u00e9 au Pomsky, \u00e0 toutes les actions qui permettront de le promouvoir, de le s\u00e9lectionner, de le d\u00e9velopper, et d&#8217;obtenir sa reconnaissance officielle comme race par la F\u00e9d\u00e9ration Cynologique Internationale.<\/span><\/div>\n<div><span style=\"color: #000000;\"><\/span><\/div>\n<div><span style=\"color: #000000;\"><\/span><\/div>\n<div><span style=\"color: #000000;\"><\/span><\/div>\n<div><span style=\"color: #000000;\"><\/span><\/div>\n<div><\/div>\n<div><span style=\"color: #000000;\">Au cours de cette ann\u00e9e 2026, nous ferons en sorte de vous proposer des activit\u00e9s vous permettant de faire conna\u00eetre votre chien et\/ou votre \u00e9levage, mettre un coup de projecteur sur tout ce qui concerne le Pomsky au quotidien, que ce soit sur le plan sant\u00e9, caract\u00e8re, morphologie. Nous organiserons des \u00e9v\u00e8nements o\u00f9 nous esp\u00e9rons vous voir nombreux \u00e0 participer. Nous avons pas mal de projets dont nous vous parlerons au fur et \u00e0 mesure\u00a0 et dont vous pouvez retrouver les informations ici :\u00a0<a href=\"https:\/\/www.facebook.com\/groups\/1329547094628150\" style=\"color: #000000;\">https:\/\/www.facebook.com\/groups\/1329547094628150<\/a><\/span><\/div>\n<div><\/div>\n<div><\/div>\n<p>[\/et_pb_text][et_pb_image src=&#8221;http:\/\/alliancedesamisdupomsky.com\/wp-content\/uploads\/2026\/03\/Aby-Karine-Marimel.jpg&#8221; title_text=&#8221;Aby &#8211; Karine Marimel&#8221; _builder_version=&#8221;4.27.5&#8243; _module_preset=&#8221;default&#8221; hover_enabled=&#8221;0&#8243; box_shadow_style=&#8221;preset2&#8243; global_colors_info=&#8221;{}&#8221; sticky_enabled=&#8221;0&#8243;][\/et_pb_image][et_pb_text _builder_version=&#8221;4.27.5&#8243; _module_preset=&#8221;default&#8221; custom_padding=&#8221;20px|20px|20px|20px|false|false&#8221; hover_enabled=&#8221;0&#8243; border_radii=&#8221;on|30px|30px|30px|30px&#8221; box_shadow_style=&#8221;preset2&#8243; global_colors_info=&#8221;{}&#8221; sticky_enabled=&#8221;0&#8243;]<\/p>\n<h2><strong><span style=\"color: #000000;\">Pourquoi adh\u00e9rer \u00e0 notre Club ?\u00a0<\/span><\/strong><strong><span style=\"color: #000000;\"><\/span><\/strong><\/h2>\n<p><strong><span style=\"color: #000000;\"><\/span><\/strong><\/p>\n<div><span style=\"color: #000000;\">1. Parce que LA COTISATION 2026 EST OFFERTE ! Nous f\u00eatons ainsi l&#8217;inauguration de la cr\u00e9ation de notre jeune Club.\u00a0<\/span><\/div>\n<div><span style=\"color: #000000;\">2. Vous b\u00e9n\u00e9ficierez des REDUCTIONS sur\u00a0 les tarifs de nos \u00e9v\u00e8nements, de publicit\u00e9s dans notre future revue, de notre boutique en ligne, de nos partenaires (alimentation, prestation de service, mat\u00e9riel, sant\u00e9, etc &#8230;), de l&#8217;enregistrement de vos port\u00e9es, \u00e9talons, \u00e9levages, boutiques sur notre Carte Internationale du Pomsky.<\/span><\/div>\n<div><span style=\"color: #000000;\">3. Si vous \u00eates \u00e9leveur, vous serez inscrit sur une LISTE RESERVEE uniquement aux membres et cette\u00a0 liste sera\u00a0 envoy\u00e9e \u00e0 toute personne contactant le Club et souhaitant acqu\u00e9rir un chien ou utiliser un m\u00e2le en saillie.\u00a0<\/span><\/div>\n<div><span style=\"color: #000000;\">4. Vous pourrez recevoir notre Newsletter num\u00e9rique dans laquelle vous pourrez trouver des conseils d&#8217;experts pour mieux vivre votre quotidien avec votre Pomsky.\u00a0<\/span><\/div>\n<div><span style=\"color: #000000;\">5. Vous pourrez participer \u00e0 l&#8217;Assembl\u00e9e g\u00e9n\u00e9rale et voter pour les actions qui vous semblent les plus pertinentes pour le Pomsky.<\/span><\/div>\n<div><span style=\"color: #000000;\"><\/span><\/div>\n<div><span style=\"color: #000000;\"><\/span><\/div>\n<div><span style=\"color: #000000;\"><\/span><\/div>\n<div><span style=\"color: #000000;\"><\/span><\/div>\n<div><span style=\"color: #000000;\"><\/span><\/div>\n<div><span style=\"color: #000000;\"><\/span><\/div>\n<div><\/div>\n<h3><span style=\"color: #000000;\">En adh\u00e9rant au Club, vous en acceptez la totalit\u00e9 des r\u00e8gles.\u00a0<\/span><\/h3>\n<p>[\/et_pb_text][et_pb_button button_text=&#8221;D\u00e9couvrir les \u00e9v\u00e9nement organis\u00e9 par le club&#8221; _builder_version=&#8221;4.27.5&#8243; _module_preset=&#8221;default&#8221; button_url=&#8221;https:\/\/alliancedesamisdupomsky.com\/index.php\/expositions-pomsky\/&#8221; button_alignment=&#8221;center&#8221; custom_button=&#8221;on&#8221; button_text_color=&#8221;#FFFFFF&#8221; button_bg_color=&#8221;#C88BDA&#8221; button_bg_enable_color=&#8221;on&#8221; hover_enabled=&#8221;0&#8243; sticky_enabled=&#8221;0&#8243;][\/et_pb_button][\/et_pb_column][\/et_pb_row][et_pb_row _builder_version=&#8221;4.27.5&#8243; _module_preset=&#8221;default&#8221; global_colors_info=&#8221;{}&#8221;][et_pb_column type=&#8221;4_4&#8243; _builder_version=&#8221;4.27.5&#8243; _module_preset=&#8221;default&#8221; global_colors_info=&#8221;{}&#8221;][et_pb_code _builder_version=&#8221;4.27.5&#8243; _module_preset=&#8221;default&#8221; global_colors_info=&#8221;{}&#8221;]<\/p>\n<div class=\"aap-adhesion-luxe-wrapper\"><!-- [et_pb_line_break_holder] -->    <!-- [et_pb_line_break_holder] -->    <\/p>\n<div class=\"aap-adhesion-header\"><!-- [et_pb_line_break_holder] -->        <\/p>\n<h2>\ud83c\udfc5 Rejoindre l&#8217;Alliance<\/h2>\n<p><!-- [et_pb_line_break_holder] -->        <pee>Ancien ou nouveau membre, remplissez vos coordonn\u00e9es ci-dessous pour mettre \u00e0 jour votre fiche et obtenir votre carte VIP officielle.<\/pee><!-- [et_pb_line_break_holder] -->    <\/div>\n<p><!-- [et_pb_line_break_holder] --><!-- [et_pb_line_break_holder] -->    <\/p>\n<div class=\"aap-form-dynamic-area\"><!-- [et_pb_line_break_holder] -->        [formulaire_adhesion_aap]<!-- [et_pb_line_break_holder] -->    <\/div>\n<p><!-- [et_pb_line_break_holder] --><!-- [et_pb_line_break_holder] --><\/div>\n<p><!-- [et_pb_line_break_holder] --><!-- [et_pb_line_break_holder] --><\/p>\n<style><!-- [et_pb_line_break_holder] -->\/* --- DESIGN DU CADRE GLOBAL --- *\/<!-- [et_pb_line_break_holder] -->.aap-adhesion-luxe-wrapper {<!-- [et_pb_line_break_holder] -->    font-family: 'Montserrat', sans-serif;<!-- [et_pb_line_break_holder] -->    background: #ffffff;<!-- [et_pb_line_break_holder] -->    border-radius: 20px;<!-- [et_pb_line_break_holder] -->    box-shadow: 0 15px 40px rgba(59, 42, 74, 0.12);<!-- [et_pb_line_break_holder] -->    border: 1px solid #e2d1f0;<!-- [et_pb_line_break_holder] -->    max-width: 850px;<!-- [et_pb_line_break_holder] -->    margin: 40px auto;<!-- [et_pb_line_break_holder] -->    overflow: hidden;<!-- [et_pb_line_break_holder] -->}<!-- [et_pb_line_break_holder] --><!-- [et_pb_line_break_holder] -->\/* --- EN-T\u00caTE DU FORMULAIRE --- *\/<!-- [et_pb_line_break_holder] -->.aap-adhesion-header {<!-- [et_pb_line_break_holder] -->    background: #3b2a4a;<!-- [et_pb_line_break_holder] -->    color: white;<!-- [et_pb_line_break_holder] -->    padding: 40px;<!-- [et_pb_line_break_holder] -->    text-align: center;<!-- [et_pb_line_break_holder] -->    border-bottom: 5px solid #d4af37;<!-- [et_pb_line_break_holder] -->}<!-- [et_pb_line_break_holder] --><!-- [et_pb_line_break_holder] -->.aap-adhesion-header h2 {<!-- [et_pb_line_break_holder] -->    color: #d4af37 !important;<!-- [et_pb_line_break_holder] -->    margin: 0 0 10px 0 !important;<!-- [et_pb_line_break_holder] -->    font-size: 28px !important;<!-- [et_pb_line_break_holder] -->    font-weight: 900 !important;<!-- [et_pb_line_break_holder] -->    text-transform: uppercase;<!-- [et_pb_line_break_holder] -->    letter-spacing: 1px;<!-- [et_pb_line_break_holder] -->}<!-- [et_pb_line_break_holder] --><!-- [et_pb_line_break_holder] -->.aap-adhesion-header p {<!-- [et_pb_line_break_holder] -->    margin: 0;<!-- [et_pb_line_break_holder] -->    font-size: 15px;<!-- [et_pb_line_break_holder] -->    color: #e2d1f0;<!-- [et_pb_line_break_holder] -->    line-height: 1.5;<!-- [et_pb_line_break_holder] -->}<!-- [et_pb_line_break_holder] --><!-- [et_pb_line_break_holder] -->\/* --- ZONE DU FORMULAIRE DYNAMIQUE --- *\/<!-- [et_pb_line_break_holder] -->.aap-form-dynamic-area {<!-- [et_pb_line_break_holder] -->    padding: 40px;<!-- [et_pb_line_break_holder] -->    background: #fdfaf0; <!-- [et_pb_line_break_holder] -->}<!-- [et_pb_line_break_holder] --><!-- [et_pb_line_break_holder] -->\/* Correction visuelle des inputs pour Divi *\/<!-- [et_pb_line_break_holder] -->.aap-form-dynamic-area input[type=\"text\"], <!-- [et_pb_line_break_holder] -->.aap-form-dynamic-area input[type=\"email\"], <!-- [et_pb_line_break_holder] -->.aap-form-dynamic-area input[type=\"tel\"] {<!-- [et_pb_line_break_holder] -->    background: white !important;<!-- [et_pb_line_break_holder] -->    border: 1px solid #ddd !important;<!-- [et_pb_line_break_holder] -->    padding: 12px !important;<!-- [et_pb_line_break_holder] -->    font-family: 'Montserrat', sans-serif !important;<!-- [et_pb_line_break_holder] -->    width: 100%;<!-- [et_pb_line_break_holder] -->    box-sizing: border-box;<!-- [et_pb_line_break_holder] -->}<!-- [et_pb_line_break_holder] --><!-- [et_pb_line_break_holder] -->@media (max-width: 768px) {<!-- [et_pb_line_break_holder] -->    .aap-adhesion-header, .aap-form-dynamic-area { padding: 25px; }<!-- [et_pb_line_break_holder] -->    .aap-adhesion-header h2 { font-size: 22px !important; }<!-- [et_pb_line_break_holder] -->}<!-- [et_pb_line_break_holder] --><\/style>\n<p>[\/et_pb_code][\/et_pb_column][\/et_pb_row][\/et_pb_section]<\/p>\n","protected":false},"excerpt":{"rendered":"<p>Formulaire d&#8217;adh\u00e9sion au\u00a0 club alliance des amis du pomskyBienvenue \u00e0 l&#8217;ALLIANCE DES AMIS DU POMSKY ! Nous sommes heureux de vous accueillir dans ce Club d\u00e9di\u00e9 au Pomsky, \u00e0 toutes les actions qui permettront de le promouvoir, de le s\u00e9lectionner, de le d\u00e9velopper, et d&#8217;obtenir sa reconnaissance officielle comme race par la F\u00e9d\u00e9ration Cynologique Internationale. [&hellip;]<\/p>\n","protected":false},"author":1,"featured_media":0,"parent":0,"menu_order":0,"comment_status":"closed","ping_status":"closed","template":"","meta":{"_et_pb_use_builder":"on","_et_pb_old_content":"","_et_gb_content_width":"","footnotes":""},"class_list":["post-179","page","type-page","status-publish","hentry"],"yoast_head":"<!-- This site is optimized with the Yoast SEO plugin v27.2 - https:\/\/yoast.com\/product\/yoast-seo-wordpress\/ -->\n<title>adh\u00e9sion au club alliance des amis du pomsky - club Alliance des amis du Pomsky adh\u00e9sion club<\/title>\n<meta name=\"description\" content=\"Remplissez votre formulaire d&#039;adh\u00e9sion club Pomsky d\u00e8s aujourd&#039;hui !\" \/>\n<meta name=\"robots\" content=\"index, follow, max-snippet:-1, max-image-preview:large, max-video-preview:-1\" \/>\n<link rel=\"canonical\" href=\"https:\/\/alliancedesamisdupomsky.com\/index.php\/adhesion-au-club-alliance-des-amis-du-pomsky\/\" \/>\n<meta property=\"og:locale\" content=\"fr_FR\" \/>\n<meta property=\"og:type\" content=\"article\" \/>\n<meta property=\"og:title\" content=\"adh\u00e9sion au club alliance des amis du pomsky - club Alliance des amis du Pomsky adh\u00e9sion club\" \/>\n<meta property=\"og:description\" content=\"Remplissez votre formulaire d&#039;adh\u00e9sion club Pomsky d\u00e8s aujourd&#039;hui !\" \/>\n<meta property=\"og:url\" content=\"https:\/\/alliancedesamisdupomsky.com\/index.php\/adhesion-au-club-alliance-des-amis-du-pomsky\/\" \/>\n<meta property=\"og:site_name\" content=\"club Alliance des amis du Pomsky\" \/>\n<meta property=\"article:modified_time\" content=\"2026-04-07T10:33:11+00:00\" \/>\n<meta name=\"twitter:card\" content=\"summary_large_image\" \/>\n<meta name=\"twitter:label1\" content=\"Dur\u00e9e de lecture estim\u00e9e\" \/>\n\t<meta name=\"twitter:data1\" content=\"2 minutes\" \/>\n<script type=\"application\/ld+json\" class=\"yoast-schema-graph\">{\"@context\":\"https:\/\/schema.org\",\"@graph\":[{\"@type\":\"WebPage\",\"@id\":\"https:\/\/alliancedesamisdupomsky.com\/index.php\/adhesion-au-club-alliance-des-amis-du-pomsky\/\",\"url\":\"https:\/\/alliancedesamisdupomsky.com\/index.php\/adhesion-au-club-alliance-des-amis-du-pomsky\/\",\"name\":\"adh\u00e9sion au club alliance des amis du pomsky - club Alliance des amis du Pomsky adh\u00e9sion club\",\"isPartOf\":{\"@id\":\"http:\/\/alliancedesamisdupomsky.com\/#website\"},\"datePublished\":\"2026-03-24T09:08:29+00:00\",\"dateModified\":\"2026-04-07T10:33:11+00:00\",\"description\":\"Remplissez votre formulaire d'adh\u00e9sion club Pomsky d\u00e8s aujourd'hui !\",\"breadcrumb\":{\"@id\":\"https:\/\/alliancedesamisdupomsky.com\/index.php\/adhesion-au-club-alliance-des-amis-du-pomsky\/#breadcrumb\"},\"inLanguage\":\"fr-FR\",\"potentialAction\":[{\"@type\":\"ReadAction\",\"target\":[\"https:\/\/alliancedesamisdupomsky.com\/index.php\/adhesion-au-club-alliance-des-amis-du-pomsky\/\"]}]},{\"@type\":\"BreadcrumbList\",\"@id\":\"https:\/\/alliancedesamisdupomsky.com\/index.php\/adhesion-au-club-alliance-des-amis-du-pomsky\/#breadcrumb\",\"itemListElement\":[{\"@type\":\"ListItem\",\"position\":1,\"name\":\"Accueil\",\"item\":\"http:\/\/alliancedesamisdupomsky.com\/\"},{\"@type\":\"ListItem\",\"position\":2,\"name\":\"adh\u00e9sion au club alliance des amis du pomsky\"}]},{\"@type\":\"WebSite\",\"@id\":\"http:\/\/alliancedesamisdupomsky.com\/#website\",\"url\":\"http:\/\/alliancedesamisdupomsky.com\/\",\"name\":\"club Alliance des amis du Pomsky\",\"description\":\"club du Pomsky\",\"potentialAction\":[{\"@type\":\"SearchAction\",\"target\":{\"@type\":\"EntryPoint\",\"urlTemplate\":\"http:\/\/alliancedesamisdupomsky.com\/?s={search_term_string}\"},\"query-input\":{\"@type\":\"PropertyValueSpecification\",\"valueRequired\":true,\"valueName\":\"search_term_string\"}}],\"inLanguage\":\"fr-FR\"}]}<\/script>\n<!-- \/ Yoast SEO plugin. -->","yoast_head_json":{"title":"adh\u00e9sion au club alliance des amis du pomsky - club Alliance des amis du Pomsky adh\u00e9sion club","description":"Remplissez votre formulaire d'adh\u00e9sion club Pomsky d\u00e8s aujourd'hui !","robots":{"index":"index","follow":"follow","max-snippet":"max-snippet:-1","max-image-preview":"max-image-preview:large","max-video-preview":"max-video-preview:-1"},"canonical":"https:\/\/alliancedesamisdupomsky.com\/index.php\/adhesion-au-club-alliance-des-amis-du-pomsky\/","og_locale":"fr_FR","og_type":"article","og_title":"adh\u00e9sion au club alliance des amis du pomsky - club Alliance des amis du Pomsky adh\u00e9sion club","og_description":"Remplissez votre formulaire d'adh\u00e9sion club Pomsky d\u00e8s aujourd'hui !","og_url":"https:\/\/alliancedesamisdupomsky.com\/index.php\/adhesion-au-club-alliance-des-amis-du-pomsky\/","og_site_name":"club Alliance des amis du Pomsky","article_modified_time":"2026-04-07T10:33:11+00:00","twitter_card":"summary_large_image","twitter_misc":{"Dur\u00e9e de lecture estim\u00e9e":"2 minutes"},"schema":{"@context":"https:\/\/schema.org","@graph":[{"@type":"WebPage","@id":"https:\/\/alliancedesamisdupomsky.com\/index.php\/adhesion-au-club-alliance-des-amis-du-pomsky\/","url":"https:\/\/alliancedesamisdupomsky.com\/index.php\/adhesion-au-club-alliance-des-amis-du-pomsky\/","name":"adh\u00e9sion au club alliance des amis du pomsky - club Alliance des amis du Pomsky adh\u00e9sion club","isPartOf":{"@id":"http:\/\/alliancedesamisdupomsky.com\/#website"},"datePublished":"2026-03-24T09:08:29+00:00","dateModified":"2026-04-07T10:33:11+00:00","description":"Remplissez votre formulaire d'adh\u00e9sion club Pomsky d\u00e8s aujourd'hui !","breadcrumb":{"@id":"https:\/\/alliancedesamisdupomsky.com\/index.php\/adhesion-au-club-alliance-des-amis-du-pomsky\/#breadcrumb"},"inLanguage":"fr-FR","potentialAction":[{"@type":"ReadAction","target":["https:\/\/alliancedesamisdupomsky.com\/index.php\/adhesion-au-club-alliance-des-amis-du-pomsky\/"]}]},{"@type":"BreadcrumbList","@id":"https:\/\/alliancedesamisdupomsky.com\/index.php\/adhesion-au-club-alliance-des-amis-du-pomsky\/#breadcrumb","itemListElement":[{"@type":"ListItem","position":1,"name":"Accueil","item":"http:\/\/alliancedesamisdupomsky.com\/"},{"@type":"ListItem","position":2,"name":"adh\u00e9sion au club alliance des amis du pomsky"}]},{"@type":"WebSite","@id":"http:\/\/alliancedesamisdupomsky.com\/#website","url":"http:\/\/alliancedesamisdupomsky.com\/","name":"club Alliance des amis du Pomsky","description":"club du Pomsky","potentialAction":[{"@type":"SearchAction","target":{"@type":"EntryPoint","urlTemplate":"http:\/\/alliancedesamisdupomsky.com\/?s={search_term_string}"},"query-input":{"@type":"PropertyValueSpecification","valueRequired":true,"valueName":"search_term_string"}}],"inLanguage":"fr-FR"}]}},"_links":{"self":[{"href":"https:\/\/alliancedesamisdupomsky.com\/index.php\/wp-json\/wp\/v2\/pages\/179","targetHints":{"allow":["GET"]}}],"collection":[{"href":"https:\/\/alliancedesamisdupomsky.com\/index.php\/wp-json\/wp\/v2\/pages"}],"about":[{"href":"https:\/\/alliancedesamisdupomsky.com\/index.php\/wp-json\/wp\/v2\/types\/page"}],"author":[{"embeddable":true,"href":"https:\/\/alliancedesamisdupomsky.com\/index.php\/wp-json\/wp\/v2\/users\/1"}],"replies":[{"embeddable":true,"href":"https:\/\/alliancedesamisdupomsky.com\/index.php\/wp-json\/wp\/v2\/comments?post=179"}],"version-history":[{"count":8,"href":"https:\/\/alliancedesamisdupomsky.com\/index.php\/wp-json\/wp\/v2\/pages\/179\/revisions"}],"predecessor-version":[{"id":687,"href":"https:\/\/alliancedesamisdupomsky.com\/index.php\/wp-json\/wp\/v2\/pages\/179\/revisions\/687"}],"wp:attachment":[{"href":"https:\/\/alliancedesamisdupomsky.com\/index.php\/wp-json\/wp\/v2\/media?parent=179"}],"curies":[{"name":"wp","href":"https:\/\/api.w.org\/{rel}","templated":true}]}}