{"id":213,"date":"2026-03-24T18:56:42","date_gmt":"2026-03-24T18:56:42","guid":{"rendered":"http:\/\/egpffmz.cluster100.hosting.ovh.net\/?page_id=213"},"modified":"2026-03-30T06:55:36","modified_gmt":"2026-03-30T06:55:36","slug":"charte-de-lalliance-des-amis-du-pomsky","status":"publish","type":"page","link":"https:\/\/alliancedesamisdupomsky.com\/index.php\/charte-de-lalliance-des-amis-du-pomsky\/","title":{"rendered":"CHARTE DE\u00a0l\u2019ALLIANCE DES AMIS DU POMSKY"},"content":{"rendered":"<p>[et_pb_section fb_built=&#8221;1&#8243; _builder_version=&#8221;4.27.5&#8243; _module_preset=&#8221;default&#8221; global_colors_info=&#8221;{}&#8221;][et_pb_row _builder_version=&#8221;4.27.5&#8243; _module_preset=&#8221;default&#8221; global_colors_info=&#8221;{}&#8221;][et_pb_column type=&#8221;4_4&#8243; _builder_version=&#8221;4.27.5&#8243; _module_preset=&#8221;default&#8221; global_colors_info=&#8221;{}&#8221;][et_pb_text _builder_version=&#8221;4.27.5&#8243; _module_preset=&#8221;default&#8221; hover_enabled=&#8221;0&#8243; text_text_shadow_style=&#8221;preset1&#8243; global_colors_info=&#8221;{}&#8221; sticky_enabled=&#8221;0&#8243;]<\/p>\n<h1 class=\"font_0 wixui-rich-text__text\" style=\"text-align: center;\"><strong><span style=\"color: #000000;\">CHARTE DE\u00a0l\u2019ALLIANCE DES AMIS DU POMSKY<\/span><\/strong><\/h1>\n<p>[\/et_pb_text][et_pb_text _builder_version=&#8221;4.27.5&#8243; _module_preset=&#8221;default&#8221; custom_padding=&#8221;20px|20px|20px|20px|false|false&#8221; hover_enabled=&#8221;0&#8243; border_radii=&#8221;on|30px|30px|30px|30px&#8221; box_shadow_style=&#8221;preset2&#8243; global_colors_info=&#8221;{}&#8221; sticky_enabled=&#8221;0&#8243;]<\/p>\n<h2 class=\"font_8 wixui-rich-text__text\"><span style=\"color: #000000;\"><strong><span style=\"text-decoration: underline;\"><span class=\"wixui-rich-text__text\">Engagement fondamental pour la Reconnaissance du Pomsky<\/span><\/span><\/strong><\/span><\/h2>\n<p class=\"font_8 wixui-rich-text__text\"><br class=\"wixui-rich-text__text\" \/><span style=\"color: #000000;\">Nous, membres du Comit\u00e9 de l&#8217;AAP, avons \u00e9tabli cette Charte comme un guide essentiel pour tous les \u00e9leveurs de Pomskies. Son objectif principal est de d\u00e9finir des directives strictes permettant la s\u00e9lection de reproducteurs et de chiots pour atteindre l&#8217;homog\u00e9n\u00e9it\u00e9 morphologique, caract\u00e9rielle et sanitaire indispensable \u00e0 la reconnaissance officielle du Pomsky par la FCI.<\/span><\/p>\n<p class=\"font_8 wixui-rich-text__text\"><span style=\"color: #000000;\"><\/span><\/p>\n<h2 class=\"font_8 wixui-rich-text__text\"><strong><span class=\"wixui-rich-text__text\" style=\"color: #000000;\">\ud83e\udd1d Adh\u00e9sion et Acceptation<\/span><\/strong><\/h2>\n<p class=\"font_8 wixui-rich-text__text\"><span style=\"color: #000000;\">En signant cette Charte, vous vous engagez formellement \u00e0 respecter l&#8217;int\u00e9gralit\u00e9 de ses clauses. L&#8217;adh\u00e9sion est conditionnelle au statut de membre \u00e0 jour de sa cotisation. Ce document \u00e9volutif pourra \u00eatre mis \u00e0 jour sur proposition du Comit\u00e9 pour s&#8217;adapter aux avanc\u00e9es de la race.<\/span><\/p>\n<h2 class=\"font_8 wixui-rich-text__text\"><br class=\"wixui-rich-text__text\" \/><span style=\"text-decoration: underline;\"><strong><span class=\"wixui-rich-text__text\" style=\"color: #000000; text-decoration: underline;\">I. Principes Fondamentaux et \u00c9thique<\/span><\/strong><span style=\"color: #000000; text-decoration: underline;\"><strong><span class=\"wixui-rich-text__text\">Priorit\u00e9 Absolue\u00a0<\/span>:<\/strong> <\/span><\/span><\/h2>\n<p class=\"font_8 wixui-rich-text__text\"><span style=\"text-decoration: underline;\"><span style=\"color: #000000; text-decoration: underline;\"><strong><\/strong><\/span><\/span><\/p>\n<p class=\"font_8 wixui-rich-text__text\"><span style=\"color: #000000;\">Le bien-\u00eatre du Pomsky est notre pr\u00e9occupation primordiale et doit toujours \u00eatre privil\u00e9gi\u00e9.<\/span><br class=\"wixui-rich-text__text\" \/><span style=\"color: #000000;\"><strong><span class=\"wixui-rich-text__text\">Conduite et Relations\u00a0<\/span>:<\/strong> J&#8217;entretiendrai des relations courtoises et professionnelles avec les autres membres de l&#8217;AAP et la communaut\u00e9 Pomsky.<\/span><br class=\"wixui-rich-text__text\" \/><span style=\"color: #000000;\"><strong><span class=\"wixui-rich-text__text\">Responsabilisation des Eleveurs<\/span>\u00a0:<\/strong> Je m&#8217;engage \u00e0 fournir toutes les informations n\u00e9cessaires sur le Pomsky aux adoptants des chiots que je ferai na\u00eetre et\/ou vendrai afin d\u2019en garantir l&#8217;acquisition par des propri\u00e9taires pleinement responsables.<\/span><br class=\"wixui-rich-text__text\" \/><span style=\"color: #000000;\"><strong><span class=\"wixui-rich-text__text\">Contrats d&#8217;Adoption<\/span>\u00a0<\/strong>: J&#8217;honorerai toutes les clauses et garanties l\u00e9gales des contrats de cession que je pourrai d\u00e9livrer ou recevoir. Tout manquement \u00e0 ces engagements pourra entra\u00eener mon exclusion imm\u00e9diate du Club.<\/span><br class=\"wixui-rich-text__text\" \/><span style=\"color: #000000;\"><strong><span class=\"wixui-rich-text__text\">L\u00e9galit\u00e9 Anti-Maltraitance<\/span>\u00a0<\/strong>: J&#8217;accepte que mon adh\u00e9sion soit soumise au strict respect de la loi n\u00b0 2021-1539 relative \u00e0 la lutte contre la maltraitance animale.<\/span><\/p>\n<h2 class=\"font_8 wixui-rich-text__text\"><br class=\"wixui-rich-text__text\" \/><br class=\"wixui-rich-text__text\" \/><span style=\"text-decoration: underline;\"><strong><span class=\"wixui-rich-text__text\" style=\"color: #000000; text-decoration: underline;\">II. Normes d&#8217;\u00c9levage et Sant\u00e9<\/span><\/strong><\/span><\/h2>\n<p class=\"font_8 wixui-rich-text__text\"><span style=\"color: #000000;\"><strong><span class=\"wixui-rich-text__text\">Soins V\u00e9t\u00e9rinaires et Sanitaires<\/span>\u00a0<\/strong>: Je respecterai rigoureusement toutes les normes sanitaires d&#8217;\u00e9levage. Je fournirai tous les soins v\u00e9t\u00e9rinaires n\u00e9cessaires et appropri\u00e9s \u00e0 vie \u00e0 mes chiens.<\/span><br class=\"wixui-rich-text__text\" \/><span style=\"color: #000000;\"><strong><span class=\"wixui-rich-text__text\">Interdiction de placement en refuge<\/span>\u00a0:<\/strong> Je m&#8217;interdis de placer mes chiens en refuge. En cas de force majeure, je veillerai personnellement \u00e0 leur placement dans les meilleures conditions aupr\u00e8s d\u2019adoptants \u00e9thiques et responsables. Autant que possible, les chiens seront st\u00e9rilis\u00e9s avant leur d\u00e9part.<\/span><br class=\"wixui-rich-text__text\" \/><span style=\"color: #000000;\"><strong><span class=\"wixui-rich-text__text\">Identification et Tests de sant\u00e9<\/span>\u00a0:<\/strong> J&#8217;accepte les recommandations de l&#8217;Alliance des Amis du Pomsky concernant l&#8217;identification compl\u00e8te de tous mes chiens, ainsi que la r\u00e9alisation des tests ADN de sant\u00e9 et de filiation sur chaque reproducteur avant sa premi\u00e8re saillie. Notamment le Test EMBARK (ou \u00e9quivalent pour d\u00e9tecter les races pr\u00e9sentes dans le sang du chien, empreinte ADN, maladies invalidantes), radiographies pour la dysplasie des hanches et coudes, examens des rotules.<\/span><\/p>\n<h2 class=\"font_8 wixui-rich-text__text\"><br class=\"wixui-rich-text__text\" \/><span style=\"text-decoration: underline;\"><strong><span class=\"wixui-rich-text__text\" style=\"color: #000000; text-decoration: underline;\">III. R\u00e8gles de Saillie et de Reproduction<\/span><\/strong><\/span><\/h2>\n<p class=\"font_8 wixui-rich-text__text\"><span style=\"color: #000000;\"><strong><span class=\"wixui-rich-text__text\">Qualit\u00e9 des Reproducteurs<\/span>\u00a0:<\/strong> J&#8217;utiliserai mes m\u00e2les uniquement \u00e0 partir de l&#8217;\u00e2ge de 12 mois (\u00e2ge de confirmation), en excellente forme physique, stables caract\u00e9riellement, conformes au Standard, et exempts de maladie ou de d\u00e9faut h\u00e9r\u00e9ditaire grave.<\/span><br class=\"wixui-rich-text__text\" \/><span style=\"color: #000000;\"><strong><span class=\"wixui-rich-text__text\">Conditions des Femelles<\/span>\u00a0:<\/strong> J&#8217;accepte d\u2019accoupler mes femelles \u00e2g\u00e9es de 15 mois minimum \u00e0 8 ans maximum au moment de la saillie, par des m\u00e2les uniquement de qualit\u00e9 morphologique, au caract\u00e8re stable, en excellente sant\u00e9, test\u00e9s ADN et Embark.<\/span><br class=\"wixui-rich-text__text\" \/><span style=\"color: #000000;\"><strong><span class=\"wixui-rich-text__text\">Limitation des Port\u00e9es<\/span>\u00a0:<\/strong> Je veillerai \u00e0 ne pas soumettre mes femelles \u00e0 plus de 3 port\u00e9es sur une p\u00e9riode de 2 ans, et \u00e0 un maximum de 5 port\u00e9es durant toute leur vie.<\/span><\/p>\n<p class=\"font_8 wixui-rich-text__text\"><span style=\"color: #000000;\">\u00a0<\/span><\/p>\n<p class=\"font_8 wixui-rich-text__text\"><span style=\"color: #000000;\"><strong>Accouplements interdits :<\/strong>\u00a0<\/span><\/p>\n<p class=\"font_8 wixui-rich-text__text\"><span style=\"color: #000000;\">Je m&#8217;engage \u00e0 n&#8217;effectuer aucune saillie entre un parent et son enfant direct ou entre un fr\u00e8re et une soeur (de port\u00e9e ou des m\u00eames parents) en vertu des r\u00e8gles sanitaires dict\u00e9es par\u00a0<span class=\"wixui-rich-text__text\"><a href=\"https:\/\/www.legifrance.gouv.fr\/jorf\/id\/JORFTEXT000051832274\" target=\"_blank\" rel=\"noreferrer noopener\" class=\"wixui-rich-text__text\" style=\"color: #000000;\">l&#8217;arr\u00eat\u00e9 du 19 juin 2025<\/a><\/span>\u00a0<\/span><\/p>\n<p class=\"font_8 wixui-rich-text__text\"><span style=\"color: #000000;\">\u00a0<\/span><\/p>\n<h2 class=\"font_8 wixui-rich-text__text\"><br class=\"wixui-rich-text__text\" \/><span style=\"text-decoration: underline;\"><strong><span class=\"wixui-rich-text__text\" style=\"color: #000000; text-decoration: underline;\">IV. Mise en Vente et Transparence<\/span><\/strong><\/span><\/h2>\n<p class=\"font_8 wixui-rich-text__text\"><span style=\"color: #000000;\"><strong><span class=\"wixui-rich-text__text\">Honn\u00eatet\u00e9 Commerciale<\/span>\u00a0:<\/strong> Je ferai preuve d&#8217;une honn\u00eatet\u00e9 totale dans toutes mes annonces de promotion de mes chiens ou de mon programme d&#8217;\u00e9levage.<\/span><br class=\"wixui-rich-text__text\" \/><span style=\"color: #000000;\"><strong><span class=\"wixui-rich-text__text\">Sant\u00e9 des Chiots<\/span>\u00a0:<\/strong> Je m&#8217;engage \u00e0 ne jamais vendre un chiot pr\u00e9sentant un probl\u00e8me de sant\u00e9 non r\u00e9solu par un v\u00e9t\u00e9rinaire avant la cession, sans en informer le futur propri\u00e9taire auparavant.<\/span><br class=\"wixui-rich-text__text\" \/><span style=\"color: #000000;\"><strong><span class=\"wixui-rich-text__text\">Falsification Interdite<\/span>\u00a0:<\/strong> Je m&#8217;interdis formellement de falsifier pedigrees, r\u00e9sultats de tests ou toute autre information relative \u00e0 mon \u00e9levage et aux documents de cession.<\/span><br class=\"wixui-rich-text__text\" \/><span style=\"color: #000000;\"><span class=\"wixui-rich-text__text\">Documents de Cession<\/span>\u00a0: Je fournirai sans aucune r\u00e9tention tous les documents obligatoires aux adoptants, quelle que soit la condition financi\u00e8re du contrat.<\/span><br class=\"wixui-rich-text__text\" \/><span style=\"color: #000000;\"><strong><span class=\"wixui-rich-text__text\">Enregistrement Officiel<\/span>\u00a0<\/strong>: Je ferai enregistrer tous mes chiots et obtenir leur certificat de naissance uniquement aupr\u00e8s de l\u2019Alliance des Amis du Pomsky.<\/span><br class=\"wixui-rich-text__text\" \/><span style=\"color: #000000;\"><span class=\"wixui-rich-text__text\">\u00c2ge de D\u00e9part\u00a0<\/span>: Aucun chiot ne sera c\u00e9d\u00e9 d\u00e9finitivement avant l&#8217;\u00e2ge de huit (8) semaines.<\/span><\/p>\n<h2 class=\"font_8 wixui-rich-text__text\"><br class=\"wixui-rich-text__text\" \/><br class=\"wixui-rich-text__text\" \/><span style=\"text-decoration: underline;\"><strong><span class=\"wixui-rich-text__text\" style=\"color: #000000; text-decoration: underline;\">V. Pratiques Commerciales Proscrites<\/span><\/strong><\/span><\/h2>\n<p class=\"font_8 wixui-rich-text__text\"><span style=\"color: #000000;\"><strong><span class=\"wixui-rich-text__text\">Interdiction de la Revente Commerciale<\/span>\u00a0<\/strong>: Je m&#8217;engage \u00e0 ne pas vendre ou transf\u00e9rer mes chiens vers :<\/span><br class=\"wixui-rich-text__text\" \/><span style=\"color: #000000;\">&#8211; Des animaleries ou salons animaliers (directement ou indirectement).<\/span><br class=\"wixui-rich-text__text\" \/><span style=\"color: #000000;\">&#8211; Des grossistes d&#8217;animaux, ou lors de ventes ench\u00e8res ou de tombolas.<\/span><br class=\"wixui-rich-text__text\" \/><span style=\"color: #000000;\"><span class=\"wixui-rich-text__text\"><strong>\u00c9leveurs Non \u00c9thiques<\/strong>\u00a0<\/span>: Je m&#8217;engage \u00e0 ne pas vendre sciemment \u00e0 des \u00e9leveurs dont les m\u00e9thodes sont contraires \u00e0 l&#8217;\u00e9thique ou \u00e0 des revendeurs.<\/span><br class=\"wixui-rich-text__text\" \/><span style=\"color: #000000;\"><strong><span class=\"wixui-rich-text__text\">Achat en Gros<\/span>\u00a0:<\/strong> Je m&#8217;interdis d&#8217;acheter des port\u00e9es enti\u00e8res dans l&#8217;unique but de les revendre.<\/span><\/p>\n<h2 class=\"font_8 wixui-rich-text__text\"><br class=\"wixui-rich-text__text\" \/><br class=\"wixui-rich-text__text\" \/><span style=\"text-decoration: underline;\"><strong><span class=\"wixui-rich-text__text\" style=\"color: #000000; text-decoration: underline;\">VI. Participation et Soutien \u00e0 l&#8217;AAP<\/span><\/strong><\/span><\/h2>\n<p class=\"font_8 wixui-rich-text__text\"><span style=\"color: #000000;\"><strong><span class=\"wixui-rich-text__text\">Esprit Sportif<\/span>\u00a0:<\/strong> Je ferai toujours preuve de bonnes mani\u00e8res et d&#8217;esprit sportif lors des \u00e9v\u00e9nements et en toutes circonstances.<\/span><br class=\"wixui-rich-text__text\" \/><span style=\"color: #000000;\"><strong><span class=\"wixui-rich-text__text\">Soutien du Club<\/span>\u00a0:<\/strong> J&#8217;aiderai le Club lors des \u00e9v\u00e9nements (expositions, s\u00e9minaires) par des dons ou du temps, dans la mesure de mes possibilit\u00e9s.<\/span><br class=\"wixui-rich-text__text\" \/><span style=\"color: #000000;\"><span class=\"wixui-rich-text__text\">Encadrement des Novices<\/span>\u00a0: Si je suis un \u00e9leveur novice, je m&#8217;engage \u00e0 consulter d&#8217;autres \u00e9leveurs exp\u00e9riment\u00e9s ou le Club avant d&#8217;envisager une premi\u00e8re port\u00e9e.<\/span><br class=\"wixui-rich-text__text\" \/><span style=\"color: #000000;\"><strong><span class=\"wixui-rich-text__text\">Base de Donn\u00e9es<\/span>\u00a0:<\/strong> Je tiendrai \u00e0 jour les documents de mes reproducteurs et les fournirai au Club pour enregistrement dans la Base de Donn\u00e9es.<\/span><br class=\"wixui-rich-text__text\" \/><span style=\"color: #000000;\"><strong><span class=\"wixui-rich-text__text\">Sanctions<\/span>\u00a0:<\/strong> <strong>Le non-respect de cette Charte peut entra\u00eener l&#8217;expulsion du Club, des mesures disciplinaires et, si n\u00e9cessaire, un signalement aux autorit\u00e9s comp\u00e9tentes.<\/strong><\/span><\/p>\n<p>[\/et_pb_text][\/et_pb_column][\/et_pb_row][et_pb_row _builder_version=&#8221;4.27.5&#8243; _module_preset=&#8221;default&#8221; global_colors_info=&#8221;{}&#8221;][et_pb_column type=&#8221;4_4&#8243; _builder_version=&#8221;4.27.5&#8243; _module_preset=&#8221;default&#8221; global_colors_info=&#8221;{}&#8221;][et_pb_gallery gallery_ids=&#8221;65,51,39,69&#8243; _builder_version=&#8221;4.27.5&#8243; _module_preset=&#8221;default&#8221; caption_text_color=&#8221;#000000&#8243; global_colors_info=&#8221;{}&#8221;][\/et_pb_gallery][\/et_pb_column][\/et_pb_row][\/et_pb_section]<\/p>\n","protected":false},"excerpt":{"rendered":"<p>CHARTE DE\u00a0l\u2019ALLIANCE DES AMIS DU POMSKYEngagement fondamental pour la Reconnaissance du Pomsky Nous, membres du Comit\u00e9 de l&#8217;AAP, avons \u00e9tabli cette Charte comme un guide essentiel pour tous les \u00e9leveurs de Pomskies. Son objectif principal est de d\u00e9finir des directives strictes permettant la s\u00e9lection de reproducteurs et de chiots pour atteindre l&#8217;homog\u00e9n\u00e9it\u00e9 morphologique, caract\u00e9rielle et [&hellip;]<\/p>\n","protected":false},"author":1,"featured_media":0,"parent":0,"menu_order":0,"comment_status":"closed","ping_status":"closed","template":"","meta":{"_et_pb_use_builder":"on","_et_pb_old_content":"","_et_gb_content_width":"","footnotes":""},"class_list":["post-213","page","type-page","status-publish","hentry"],"yoast_head":"<!-- This site is optimized with the Yoast SEO plugin v27.2 - https:\/\/yoast.com\/product\/yoast-seo-wordpress\/ -->\n<title>CHARTE DE\u00a0l\u2019ALLIANCE DES AMIS DU POMSKY - club Alliance des amis du Pomsky Charte \u00c9thique<\/title>\n<meta name=\"description\" content=\"D\u00e9couvrez la charte officielle de l&#039;Alliance des Amis du Pomsky (AAP). Un engagement strict pour l&#039;\u00e9levage \u00e9thique, la sant\u00e9 et le bien-\u00eatre de la race.\" \/>\n<meta name=\"robots\" content=\"index, follow, max-snippet:-1, max-image-preview:large, max-video-preview:-1\" \/>\n<link rel=\"canonical\" href=\"http:\/\/alliancedesamisdupomsky.com\/index.php\/charte-de-lalliance-des-amis-du-pomsky\/\" \/>\n<meta property=\"og:locale\" content=\"fr_FR\" \/>\n<meta property=\"og:type\" content=\"article\" \/>\n<meta property=\"og:title\" content=\"CHARTE DE\u00a0l\u2019ALLIANCE DES AMIS DU POMSKY - club Alliance des amis du Pomsky Charte \u00c9thique\" \/>\n<meta property=\"og:description\" content=\"D\u00e9couvrez la charte officielle de l&#039;Alliance des Amis du Pomsky (AAP). Un engagement strict pour l&#039;\u00e9levage \u00e9thique, la sant\u00e9 et le bien-\u00eatre de la race.\" \/>\n<meta property=\"og:url\" content=\"http:\/\/alliancedesamisdupomsky.com\/index.php\/charte-de-lalliance-des-amis-du-pomsky\/\" \/>\n<meta property=\"og:site_name\" content=\"club Alliance des amis du Pomsky\" \/>\n<meta property=\"article:modified_time\" content=\"2026-03-30T06:55:36+00:00\" \/>\n<meta name=\"twitter:card\" content=\"summary_large_image\" \/>\n<meta name=\"twitter:label1\" content=\"Dur\u00e9e de lecture estim\u00e9e\" \/>\n\t<meta name=\"twitter:data1\" content=\"6 minutes\" \/>\n<script type=\"application\/ld+json\" class=\"yoast-schema-graph\">{\"@context\":\"https:\/\/schema.org\",\"@graph\":[{\"@type\":\"WebPage\",\"@id\":\"http:\/\/alliancedesamisdupomsky.com\/index.php\/charte-de-lalliance-des-amis-du-pomsky\/\",\"url\":\"http:\/\/alliancedesamisdupomsky.com\/index.php\/charte-de-lalliance-des-amis-du-pomsky\/\",\"name\":\"CHARTE DE\u00a0l\u2019ALLIANCE DES AMIS DU POMSKY - club Alliance des amis du Pomsky Charte \u00c9thique\",\"isPartOf\":{\"@id\":\"http:\/\/alliancedesamisdupomsky.com\/#website\"},\"datePublished\":\"2026-03-24T18:56:42+00:00\",\"dateModified\":\"2026-03-30T06:55:36+00:00\",\"description\":\"D\u00e9couvrez la charte officielle de l'Alliance des Amis du Pomsky (AAP). Un engagement strict pour l'\u00e9levage \u00e9thique, la sant\u00e9 et le bien-\u00eatre de la race.\",\"breadcrumb\":{\"@id\":\"http:\/\/alliancedesamisdupomsky.com\/index.php\/charte-de-lalliance-des-amis-du-pomsky\/#breadcrumb\"},\"inLanguage\":\"fr-FR\",\"potentialAction\":[{\"@type\":\"ReadAction\",\"target\":[\"http:\/\/alliancedesamisdupomsky.com\/index.php\/charte-de-lalliance-des-amis-du-pomsky\/\"]}]},{\"@type\":\"BreadcrumbList\",\"@id\":\"http:\/\/alliancedesamisdupomsky.com\/index.php\/charte-de-lalliance-des-amis-du-pomsky\/#breadcrumb\",\"itemListElement\":[{\"@type\":\"ListItem\",\"position\":1,\"name\":\"Accueil\",\"item\":\"http:\/\/alliancedesamisdupomsky.com\/\"},{\"@type\":\"ListItem\",\"position\":2,\"name\":\"CHARTE DE\u00a0l\u2019ALLIANCE DES AMIS DU POMSKY\"}]},{\"@type\":\"WebSite\",\"@id\":\"http:\/\/alliancedesamisdupomsky.com\/#website\",\"url\":\"http:\/\/alliancedesamisdupomsky.com\/\",\"name\":\"club Alliance des amis du Pomsky\",\"description\":\"club du Pomsky\",\"potentialAction\":[{\"@type\":\"SearchAction\",\"target\":{\"@type\":\"EntryPoint\",\"urlTemplate\":\"http:\/\/alliancedesamisdupomsky.com\/?s={search_term_string}\"},\"query-input\":{\"@type\":\"PropertyValueSpecification\",\"valueRequired\":true,\"valueName\":\"search_term_string\"}}],\"inLanguage\":\"fr-FR\"}]}<\/script>\n<!-- \/ Yoast SEO plugin. -->","yoast_head_json":{"title":"CHARTE DE\u00a0l\u2019ALLIANCE DES AMIS DU POMSKY - club Alliance des amis du Pomsky Charte \u00c9thique","description":"D\u00e9couvrez la charte officielle de l'Alliance des Amis du Pomsky (AAP). Un engagement strict pour l'\u00e9levage \u00e9thique, la sant\u00e9 et le bien-\u00eatre de la race.","robots":{"index":"index","follow":"follow","max-snippet":"max-snippet:-1","max-image-preview":"max-image-preview:large","max-video-preview":"max-video-preview:-1"},"canonical":"http:\/\/alliancedesamisdupomsky.com\/index.php\/charte-de-lalliance-des-amis-du-pomsky\/","og_locale":"fr_FR","og_type":"article","og_title":"CHARTE DE\u00a0l\u2019ALLIANCE DES AMIS DU POMSKY - club Alliance des amis du Pomsky Charte \u00c9thique","og_description":"D\u00e9couvrez la charte officielle de l'Alliance des Amis du Pomsky (AAP). Un engagement strict pour l'\u00e9levage \u00e9thique, la sant\u00e9 et le bien-\u00eatre de la race.","og_url":"http:\/\/alliancedesamisdupomsky.com\/index.php\/charte-de-lalliance-des-amis-du-pomsky\/","og_site_name":"club Alliance des amis du Pomsky","article_modified_time":"2026-03-30T06:55:36+00:00","twitter_card":"summary_large_image","twitter_misc":{"Dur\u00e9e de lecture estim\u00e9e":"6 minutes"},"schema":{"@context":"https:\/\/schema.org","@graph":[{"@type":"WebPage","@id":"http:\/\/alliancedesamisdupomsky.com\/index.php\/charte-de-lalliance-des-amis-du-pomsky\/","url":"http:\/\/alliancedesamisdupomsky.com\/index.php\/charte-de-lalliance-des-amis-du-pomsky\/","name":"CHARTE DE\u00a0l\u2019ALLIANCE DES AMIS DU POMSKY - club Alliance des amis du Pomsky Charte \u00c9thique","isPartOf":{"@id":"http:\/\/alliancedesamisdupomsky.com\/#website"},"datePublished":"2026-03-24T18:56:42+00:00","dateModified":"2026-03-30T06:55:36+00:00","description":"D\u00e9couvrez la charte officielle de l'Alliance des Amis du Pomsky (AAP). Un engagement strict pour l'\u00e9levage \u00e9thique, la sant\u00e9 et le bien-\u00eatre de la race.","breadcrumb":{"@id":"http:\/\/alliancedesamisdupomsky.com\/index.php\/charte-de-lalliance-des-amis-du-pomsky\/#breadcrumb"},"inLanguage":"fr-FR","potentialAction":[{"@type":"ReadAction","target":["http:\/\/alliancedesamisdupomsky.com\/index.php\/charte-de-lalliance-des-amis-du-pomsky\/"]}]},{"@type":"BreadcrumbList","@id":"http:\/\/alliancedesamisdupomsky.com\/index.php\/charte-de-lalliance-des-amis-du-pomsky\/#breadcrumb","itemListElement":[{"@type":"ListItem","position":1,"name":"Accueil","item":"http:\/\/alliancedesamisdupomsky.com\/"},{"@type":"ListItem","position":2,"name":"CHARTE DE\u00a0l\u2019ALLIANCE DES AMIS DU POMSKY"}]},{"@type":"WebSite","@id":"http:\/\/alliancedesamisdupomsky.com\/#website","url":"http:\/\/alliancedesamisdupomsky.com\/","name":"club Alliance des amis du Pomsky","description":"club du Pomsky","potentialAction":[{"@type":"SearchAction","target":{"@type":"EntryPoint","urlTemplate":"http:\/\/alliancedesamisdupomsky.com\/?s={search_term_string}"},"query-input":{"@type":"PropertyValueSpecification","valueRequired":true,"valueName":"search_term_string"}}],"inLanguage":"fr-FR"}]}},"_links":{"self":[{"href":"https:\/\/alliancedesamisdupomsky.com\/index.php\/wp-json\/wp\/v2\/pages\/213","targetHints":{"allow":["GET"]}}],"collection":[{"href":"https:\/\/alliancedesamisdupomsky.com\/index.php\/wp-json\/wp\/v2\/pages"}],"about":[{"href":"https:\/\/alliancedesamisdupomsky.com\/index.php\/wp-json\/wp\/v2\/types\/page"}],"author":[{"embeddable":true,"href":"https:\/\/alliancedesamisdupomsky.com\/index.php\/wp-json\/wp\/v2\/users\/1"}],"replies":[{"embeddable":true,"href":"https:\/\/alliancedesamisdupomsky.com\/index.php\/wp-json\/wp\/v2\/comments?post=213"}],"version-history":[{"count":5,"href":"https:\/\/alliancedesamisdupomsky.com\/index.php\/wp-json\/wp\/v2\/pages\/213\/revisions"}],"predecessor-version":[{"id":387,"href":"https:\/\/alliancedesamisdupomsky.com\/index.php\/wp-json\/wp\/v2\/pages\/213\/revisions\/387"}],"wp:attachment":[{"href":"https:\/\/alliancedesamisdupomsky.com\/index.php\/wp-json\/wp\/v2\/media?parent=213"}],"curies":[{"name":"wp","href":"https:\/\/api.w.org\/{rel}","templated":true}]}}