{"id":218,"date":"2026-03-25T10:19:22","date_gmt":"2026-03-25T10:19:22","guid":{"rendered":"http:\/\/egpffmz.cluster100.hosting.ovh.net\/?page_id=218"},"modified":"2026-04-06T21:51:48","modified_gmt":"2026-04-06T21:51:48","slug":"decouvrir-notre-club-aa-pomsky","status":"publish","type":"page","link":"https:\/\/alliancedesamisdupomsky.com\/index.php\/decouvrir-notre-club-aa-pomsky\/","title":{"rendered":"d\u00e9couvrir notre club aa pomsky"},"content":{"rendered":"\n[et_pb_section fb_built=&#8221;1&#8243; _builder_version=&#8221;4.27.5&#8243; _module_preset=&#8221;default&#8221; global_colors_info=&#8221;{}&#8221;][et_pb_row _builder_version=&#8221;4.27.5&#8243; _module_preset=&#8221;default&#8221; global_colors_info=&#8221;{}&#8221;][et_pb_column type=&#8221;4_4&#8243; _builder_version=&#8221;4.27.5&#8243; _module_preset=&#8221;default&#8221; global_colors_info=&#8221;{}&#8221;][et_pb_text _builder_version=&#8221;4.27.5&#8243; _module_preset=&#8221;default&#8221; text_font=&#8221;Lora|800|||||||&#8221; text_text_color=&#8221;#000000&#8243; text_font_size=&#8221;31px&#8221; text_letter_spacing=&#8221;2px&#8221; text_line_height=&#8221;1.8em&#8221; hover_enabled=&#8221;0&#8243; text_text_shadow_style=&#8221;preset1&#8243; global_colors_info=&#8221;{}&#8221; sticky_enabled=&#8221;0&#8243;]<h1 style=\"text-align: center;\"><strong>D\u00e9couvrez notre club consacr\u00e9 au Pomsky<\/strong><\/h1>[\/et_pb_text][\/et_pb_column][\/et_pb_row][et_pb_row _builder_version=&#8221;4.27.5&#8243; _module_preset=&#8221;default&#8221; custom_margin=&#8221;8px|auto||auto||&#8221; global_colors_info=&#8221;{}&#8221;][et_pb_column type=&#8221;4_4&#8243; _builder_version=&#8221;4.27.5&#8243; _module_preset=&#8221;default&#8221; global_colors_info=&#8221;{}&#8221;][et_pb_text _builder_version=&#8221;4.27.5&#8243; _module_preset=&#8221;default&#8221; custom_padding=&#8221;20px|20px|20px|20px|false|false&#8221; hover_enabled=&#8221;0&#8243; border_radii=&#8221;on|28px|28px|28px|28px&#8221; box_shadow_style=&#8221;preset2&#8243; global_colors_info=&#8221;{}&#8221; sticky_enabled=&#8221;0&#8243;]<h2 class=\"font_3 wixui-rich-text__text\"><span style=\"color: #000000;\">L&#8217;Alliance des Amis du Pomsky (AAP), officiellement enregistr\u00e9e en f\u00e9vrier 2025, a \u00e9t\u00e9 fond\u00e9e avec un objectif principal clair : structurer la s\u00e9lection du Pomsky pour en am\u00e9liorer durablement les qualit\u00e9s physiques, caract\u00e9rielles et sanitaires au fil des g\u00e9n\u00e9rations.<\/span><\/h2>\n<h3 class=\"font_3 wixui-rich-text__text\"><span style=\"color: #000000;\">Notre ambition ultime est de mener le Pomsky vers la reconnaissance officielle par la FCI.<\/span><\/h3>\n<p class=\"font_3 wixui-rich-text__text\"><span style=\"color: #000000;\">Pour concr\u00e9tiser cette vision, le Comit\u00e9 fondateur a \u00e9t\u00e9 d\u00e9lib\u00e9r\u00e9ment compos\u00e9 de membres aux comp\u00e9tences diversifi\u00e9es et compl\u00e9mentaires. Notre s\u00e9lection ne s&#8217;est pas limit\u00e9e aux seuls \u00e9leveurs de Pomsky, mais a privil\u00e9gi\u00e9 une connaissance aig\u00fce du monde animal et une solide expertise en gestion administrative et associative.<\/span><\/p>[\/et_pb_text][\/et_pb_column][\/et_pb_row][et_pb_row _builder_version=&#8221;4.27.5&#8243; _module_preset=&#8221;default&#8221; global_colors_info=&#8221;{}&#8221;][et_pb_column type=&#8221;4_4&#8243; _builder_version=&#8221;4.27.5&#8243; _module_preset=&#8221;default&#8221; global_colors_info=&#8221;{}&#8221;][et_pb_text content_tablet=&#8221;<h2 class=%22font_2 wixui-rich-text__text%22 style=%22text-align: center;%22><strong>Les membres du Comit\u00e9 sont donc, pr\u00e9sents en F\u00e9vrier 2025, les membres fondateurs du Club<\/strong><\/h2>&#8221; content_phone=&#8221;<h2 class=%22font_2 wixui-rich-text__text%22 style=%22text-align: center;%22><strong>Les membres du Comit\u00e9 sont donc, pr\u00e9sents en F\u00e9vrier 2025, les membres fondateurs du Club<\/strong><\/h2>&#8221; content_last_edited=&#8221;on|phone&#8221; _builder_version=&#8221;4.27.5&#8243; _module_preset=&#8221;default&#8221; hover_enabled=&#8221;0&#8243; text_font_tablet=&#8221;&#8221; text_font_phone=&#8221;&#8221; text_font_last_edited=&#8221;on|desktop&#8221; text_text_shadow_style=&#8221;preset1&#8243; global_colors_info=&#8221;{}&#8221; sticky_enabled=&#8221;0&#8243;]<h2 style=\"text-align: center;\"><strong>Les membres fondateurs du Club<\/strong><\/h2>[\/et_pb_text][\/et_pb_column][\/et_pb_row][et_pb_row column_structure=&#8221;1_2,1_2&#8243; _builder_version=&#8221;4.27.5&#8243; _module_preset=&#8221;default&#8221; background_color=&#8221;rgba(247,187,245,0.35)&#8221; border_radii=&#8221;on|30px|30px|30px|30px&#8221; box_shadow_style=&#8221;preset2&#8243; global_colors_info=&#8221;{}&#8221;][et_pb_column type=&#8221;1_2&#8243; _builder_version=&#8221;4.27.5&#8243; _module_preset=&#8221;default&#8221; global_colors_info=&#8221;{}&#8221;][et_pb_image src=&#8221;http:\/\/alliancedesamisdupomsky.com\/wp-content\/uploads\/2026\/04\/Moi-en-jpeg-2.jpeg&#8221; title_text=&#8221;Moi en jpeg (2)&#8221; _builder_version=&#8221;4.27.5&#8243; _module_preset=&#8221;default&#8221; custom_padding=&#8221;|10px||10px|false|false&#8221; global_colors_info=&#8221;{}&#8221;][\/et_pb_image][\/et_pb_column][et_pb_column type=&#8221;1_2&#8243; _builder_version=&#8221;4.27.5&#8243; _module_preset=&#8221;default&#8221; global_colors_info=&#8221;{}&#8221;][et_pb_text _builder_version=&#8221;4.27.5&#8243; _module_preset=&#8221;default&#8221; global_colors_info=&#8221;{}&#8221;]<h2 class=\"font_2 wixui-rich-text__text\" style=\"text-align: center;\"><span style=\"color: #000000;\"><strong>V\u00e9ronique HUBERT<\/strong><\/span><\/h2>\n<p style=\"text-align: center;\"><span style=\"color: #000000;\"><strong>Pr\u00e9sidente<\/strong><\/span><\/p>[\/et_pb_text][et_pb_text _builder_version=&#8221;4.27.5&#8243; _module_preset=&#8221;default&#8221; custom_padding=&#8221;0px|19px|6px|10px|false|false&#8221; global_colors_info=&#8221;{}&#8221;]<p><span style=\"color: #000000;\">Passionn\u00e9e par l\u2019\u00e9levage de s\u00e9lection de chiens de Berger Shetland depuis 1990, g\u00e9rante d\u2019un organisme de formation d\u00e9di\u00e9 au chien et au chat depuis 2018, Comptable de m\u00e9tier depuis 2011. <\/span><\/p>\n<p><span style=\"color: #000000;\">J\u2019ai d\u00e9couvert le Pomsky en tant que chien il y a quelques ann\u00e9es et j\u2019ai tout de suite ador\u00e9 leur physionomie et leur caract\u00e8re facile, tr\u00e8s proche du Shetland. Rien d\u2019\u00e9tonnant \u00e0 cela puisque le Shetland est lui aussi, ancestralement, issu de chiens de type Spitz entre autres.\u00a0<\/span><\/p>[\/et_pb_text][\/et_pb_column][\/et_pb_row][et_pb_row column_structure=&#8221;1_2,1_2&#8243; _builder_version=&#8221;4.27.5&#8243; _module_preset=&#8221;default&#8221; background_color=&#8221;rgba(247,187,245,0.35)&#8221; custom_margin=&#8221;46px|auto||auto||&#8221; custom_padding=&#8221;26px|||||&#8221; border_radii=&#8221;on|30px|30px|30px|30px&#8221; box_shadow_style=&#8221;preset2&#8243; global_colors_info=&#8221;{}&#8221;][et_pb_column type=&#8221;1_2&#8243; _builder_version=&#8221;4.27.5&#8243; _module_preset=&#8221;default&#8221; global_colors_info=&#8221;{}&#8221;][et_pb_image src=&#8221;http:\/\/alliancedesamisdupomsky.com\/wp-content\/uploads\/2026\/04\/Gisele-2.jpg&#8221; title_text=&#8221;Gis\u00e8le (2)&#8221; _builder_version=&#8221;4.27.5&#8243; _module_preset=&#8221;default&#8221; custom_padding=&#8221;|10px||10px|false|false&#8221; global_colors_info=&#8221;{}&#8221;][\/et_pb_image][\/et_pb_column][et_pb_column type=&#8221;1_2&#8243; _builder_version=&#8221;4.27.5&#8243; _module_preset=&#8221;default&#8221; global_colors_info=&#8221;{}&#8221;][et_pb_text _builder_version=&#8221;4.27.5&#8243; _module_preset=&#8221;default&#8221; global_colors_info=&#8221;{}&#8221;]<h2 class=\"font_2 wixui-rich-text__text\" style=\"text-align: center;\"><span style=\"color: #000000;\"><strong>Gis\u00e8le BARRAUD<\/strong><\/span><\/h2>\n<p style=\"text-align: center;\"><span style=\"color: #000000;\"><strong>Tr\u00e9sori\u00e8re &amp; Secr\u00e9taire\u00a0<\/strong><\/span><\/p>[\/et_pb_text][et_pb_text _builder_version=&#8221;4.27.5&#8243; _module_preset=&#8221;default&#8221; custom_padding=&#8221;0px|19px|6px|10px|false|false&#8221; global_colors_info=&#8221;{}&#8221;]<p class=\"font_8 wixui-rich-text__text\"><span style=\"color: #000000;\">Formatrice et directrice d&#8217;un centre de formation des apprentis \u00e0 Montbrison dans la Loire (42), Gis\u00e8le et V\u00e9ronique sont amies et travaillent ensemble depuis 2018 !<\/span><\/p>\n<p class=\"font_8 wixui-rich-text__text\"><span style=\"color: #000000;\">Sp\u00e9cialis\u00e9e dans tout ce qui est Ressources Humaines, Bureautique, Comptabilit\u00e9, RSE, elle propose des formations sur diff\u00e9rents sujets que vous pouvez retrouver ici :<\/span><\/p>\n<p class=\"font_8 wixui-rich-text__text\"><a data-auto-recognition=\"true\" href=\"https:\/\/www.forma-pro-forezienne.com\/\" target=\"_blank\" class=\"wixui-rich-text__text\" rel=\"noopener\">https:\/\/www.forma-pro-forezienne.com\/<\/a><\/p>\n<p class=\"font_8 wixui-rich-text__text\"><span class=\"wixGuard wixui-rich-text__text\">\u200b<\/span><span style=\"color: #000000;\">Sans oublier son amour immod\u00e9r\u00e9 pour les animaux et son activit\u00e9 d&#8217;\u00e9leveur de chevaux depuis plusieurs dizaines d&#8217;ann\u00e9es.<\/span><\/p>\n<p class=\"font_8 wixui-rich-text__text\"><span style=\"color: #000000;\"><span class=\"wixGuard wixui-rich-text__text\">\u200b<\/span>Tr\u00e9sori\u00e8re et secr\u00e9taire du Club, elle est pour nous un pr\u00e9cieux soutien de tous les jours, un cerveau d&#8217;o\u00f9 immergent sans arr\u00eat les meilleures id\u00e9es pour faire en sorte que nos actions apportent Bienveillance, Coh\u00e9sion, Amiti\u00e9, Expertise, Soutien \u00e0 tous les passionn\u00e9s du Pomsky.<\/span><\/p>\n<p class=\"font_8 wixui-rich-text__text\"><span style=\"color: #000000;\"><span class=\"wixGuard wixui-rich-text__text\">\u200b<\/span>Gr\u00e2ce \u00e0 ses qualit\u00e9s d&#8217;organisation, sa force de caract\u00e8re et sa r\u00e9silience impressionnante, elle sera pr\u00e9sente pour nous \u00e0 chaque fois que besoin et toujours avec sa meilleure arme : L&#8217;HUMOUR !<\/span><\/p>[\/et_pb_text][\/et_pb_column][\/et_pb_row][et_pb_row column_structure=&#8221;1_2,1_2&#8243; _builder_version=&#8221;4.27.5&#8243; _module_preset=&#8221;default&#8221; background_color=&#8221;rgba(247,187,245,0.35)&#8221; custom_margin=&#8221;46px|auto||auto||&#8221; custom_padding=&#8221;26px|||||&#8221; border_radii=&#8221;on|30px|30px|30px|30px&#8221; box_shadow_style=&#8221;preset2&#8243; global_colors_info=&#8221;{}&#8221;][et_pb_column type=&#8221;1_2&#8243; _builder_version=&#8221;4.27.5&#8243; _module_preset=&#8221;default&#8221; global_colors_info=&#8221;{}&#8221;][et_pb_image src=&#8221;http:\/\/alliancedesamisdupomsky.com\/wp-content\/uploads\/2026\/04\/Mhandra-2.jpg&#8221; title_text=&#8221;Mhandra (2)&#8221; _builder_version=&#8221;4.27.5&#8243; _module_preset=&#8221;default&#8221; custom_padding=&#8221;|10px||10px|false|false&#8221; global_colors_info=&#8221;{}&#8221;][\/et_pb_image][\/et_pb_column][et_pb_column type=&#8221;1_2&#8243; _builder_version=&#8221;4.27.5&#8243; _module_preset=&#8221;default&#8221; global_colors_info=&#8221;{}&#8221;][et_pb_text _builder_version=&#8221;4.27.5&#8243; _module_preset=&#8221;default&#8221; global_colors_info=&#8221;{}&#8221;]<h2 class=\"font_2 wixui-rich-text__text\" style=\"text-align: center;\"><span style=\"color: #000000;\">Mhandra Claux<\/span><\/h2>\n<p style=\"text-align: center;\"><span style=\"color: #000000;\"><strong>Secr\u00e9taire adjointe<\/strong><\/span><\/p>[\/et_pb_text][et_pb_text _builder_version=&#8221;4.27.5&#8243; _module_preset=&#8221;default&#8221; custom_padding=&#8221;0px|19px|6px|10px|false|false&#8221; global_colors_info=&#8221;{}&#8221;]<p><span style=\"color: #000000;\">Une entr\u00e9e qui nous a paru \u00e9vidente apr\u00e8s le travail \u00e9norme qu&#8217;elle a effectu\u00e9 depuis que nous la connaissons en mars dernier.<\/span><br class=\"wixui-rich-text__text\" \/><br class=\"wixui-rich-text__text\" \/><span style=\"color: #000000;\">D\u00e9j\u00e0\u00a0d\u00e9l\u00e9gu\u00e9e de la Nouvelle Aquitaine, sa passion pour le Pomsky, ses superbes id\u00e9es qui nous ont permis de vous proposer plein de choses, son contact facile avec les membres du groupe, son implication formidable dans l&#8217;organisation de nos \u00e9v\u00e8nements, sont pour nous un atout r\u00e9el !<\/span><br class=\"wixui-rich-text__text\" \/><span style=\"color: #000000;\">\u00a0<\/span><br class=\"wixui-rich-text__text\" \/><span style=\"color: #000000;\">Ne doutons pas qu&#8217;elle continuera, cette fois, officiellement, \u00e0 \u00eatre pour vous un lien amical et social qui vous permettra d&#8217;obtenir les infos dont vous aurez besoin.<\/span><br class=\"wixui-rich-text__text\" \/><br class=\"wixui-rich-text__text\" \/><span style=\"color: #000000;\">Un grand merci Mhandra et bienvenue au sein de notre \u00e9quipe !<\/span><\/p>[\/et_pb_text][\/et_pb_column][\/et_pb_row][et_pb_row _builder_version=&#8221;4.27.5&#8243; _module_preset=&#8221;default&#8221; custom_padding=&#8221;65px|||||&#8221; global_colors_info=&#8221;{}&#8221;][et_pb_column type=&#8221;4_4&#8243; _builder_version=&#8221;4.27.5&#8243; _module_preset=&#8221;default&#8221; global_colors_info=&#8221;{}&#8221;][et_pb_text _builder_version=&#8221;4.27.5&#8243; _module_preset=&#8221;default&#8221; custom_padding=&#8221;20px|20px|20px|20px|false|false&#8221; border_radii=&#8221;on|30px|30px|30px|30px&#8221; box_shadow_style=&#8221;preset2&#8243; global_colors_info=&#8221;{}&#8221;]<p class=\"font_3 wixui-rich-text__text\"><span style=\"color: #000000;\">Ce choix strat\u00e9gique garantit une gouvernance \u00e9clair\u00e9e et la bonne ex\u00e9cution de nos objectifs. Conform\u00e9ment \u00e0 nos statuts, le Bureau actuel est en place pour un mandat de trois ans.<\/span><\/p>\n<p class=\"font_3 wixui-rich-text__text\"><span style=\"color: #000000;\">Durant cette p\u00e9riode, ses membres sont enti\u00e8rement mobilis\u00e9s, et avec votre soutien actif, ils mettront tout en \u0153uvre pour mener \u00e0 bien les actions d\u00e9finies lors de la cr\u00e9ation de l&#8217;Association.<\/span><\/p>\n<p class=\"font_3 wixui-rich-text__text\"><span style=\"color: #000000;\">L&#8217;\u00e9largissement futur du Comit\u00e9 est pr\u00e9vu, avec la cooptation ou l&#8217;\u00e9lection de nouveaux membres dans les prochaines ann\u00e9es, assurant ainsi la p\u00e9rennit\u00e9 de l&#8217;AAP.<\/span><\/p>[\/et_pb_text][\/et_pb_column][\/et_pb_row][\/et_pb_section]\n","protected":false},"excerpt":{"rendered":"<p>D\u00e9couvrez notre club consacr\u00e9 au PomskyL&#8217;Alliance des Amis du Pomsky (AAP), officiellement enregistr\u00e9e en f\u00e9vrier 2025, a \u00e9t\u00e9 fond\u00e9e avec un objectif principal clair : structurer la s\u00e9lection du Pomsky pour en am\u00e9liorer durablement les qualit\u00e9s physiques, caract\u00e9rielles et sanitaires au fil des g\u00e9n\u00e9rations. Notre ambition ultime est de mener le Pomsky vers la reconnaissance [&hellip;]<\/p>\n","protected":false},"author":1,"featured_media":0,"parent":0,"menu_order":0,"comment_status":"closed","ping_status":"closed","template":"","meta":{"_et_pb_use_builder":"on","_et_pb_old_content":"","_et_gb_content_width":"","footnotes":""},"class_list":["post-218","page","type-page","status-publish","hentry"],"yoast_head":"<!-- This site is optimized with the Yoast SEO plugin v27.2 - https:\/\/yoast.com\/product\/yoast-seo-wordpress\/ -->\n<title>d\u00e9couvrir notre club aa pomsky - club Alliance des amis du Pomsky D\u00e9couvrir le Club de l&#039;Alliance<\/title>\n<meta name=\"description\" content=\"D\u00e9couvrez l&#039;Alliance des Amis du Pomsky (AAP). Notre club de Pomsky rassemble \u00e9leveurs et passionn\u00e9s pour structurer la race et viser la reconnaissance FCI.\" \/>\n<meta name=\"robots\" content=\"index, follow, max-snippet:-1, max-image-preview:large, max-video-preview:-1\" \/>\n<link rel=\"canonical\" href=\"https:\/\/alliancedesamisdupomsky.com\/index.php\/decouvrir-notre-club-aa-pomsky\/\" \/>\n<meta property=\"og:locale\" content=\"fr_FR\" \/>\n<meta property=\"og:type\" content=\"article\" \/>\n<meta property=\"og:title\" content=\"d\u00e9couvrir notre club aa pomsky - club Alliance des amis du Pomsky D\u00e9couvrir le Club de l&#039;Alliance\" \/>\n<meta property=\"og:description\" content=\"D\u00e9couvrez l&#039;Alliance des Amis du Pomsky (AAP). Notre club de Pomsky rassemble \u00e9leveurs et passionn\u00e9s pour structurer la race et viser la reconnaissance FCI.\" \/>\n<meta property=\"og:url\" content=\"https:\/\/alliancedesamisdupomsky.com\/index.php\/decouvrir-notre-club-aa-pomsky\/\" \/>\n<meta property=\"og:site_name\" content=\"club Alliance des amis du Pomsky\" \/>\n<meta property=\"article:modified_time\" content=\"2026-04-06T21:51:48+00:00\" \/>\n<meta name=\"twitter:card\" content=\"summary_large_image\" \/>\n<meta name=\"twitter:label1\" content=\"Dur\u00e9e de lecture estim\u00e9e\" \/>\n\t<meta name=\"twitter:data1\" content=\"4 minutes\" \/>\n<script type=\"application\/ld+json\" class=\"yoast-schema-graph\">{\"@context\":\"https:\/\/schema.org\",\"@graph\":[{\"@type\":\"WebPage\",\"@id\":\"https:\/\/alliancedesamisdupomsky.com\/index.php\/decouvrir-notre-club-aa-pomsky\/\",\"url\":\"https:\/\/alliancedesamisdupomsky.com\/index.php\/decouvrir-notre-club-aa-pomsky\/\",\"name\":\"d\u00e9couvrir notre club aa pomsky - club Alliance des amis du Pomsky D\u00e9couvrir le Club de l'Alliance\",\"isPartOf\":{\"@id\":\"http:\/\/alliancedesamisdupomsky.com\/#website\"},\"datePublished\":\"2026-03-25T10:19:22+00:00\",\"dateModified\":\"2026-04-06T21:51:48+00:00\",\"description\":\"D\u00e9couvrez l'Alliance des Amis du Pomsky (AAP). Notre club de Pomsky rassemble \u00e9leveurs et passionn\u00e9s pour structurer la race et viser la reconnaissance FCI.\",\"breadcrumb\":{\"@id\":\"https:\/\/alliancedesamisdupomsky.com\/index.php\/decouvrir-notre-club-aa-pomsky\/#breadcrumb\"},\"inLanguage\":\"fr-FR\",\"potentialAction\":[{\"@type\":\"ReadAction\",\"target\":[\"https:\/\/alliancedesamisdupomsky.com\/index.php\/decouvrir-notre-club-aa-pomsky\/\"]}]},{\"@type\":\"BreadcrumbList\",\"@id\":\"https:\/\/alliancedesamisdupomsky.com\/index.php\/decouvrir-notre-club-aa-pomsky\/#breadcrumb\",\"itemListElement\":[{\"@type\":\"ListItem\",\"position\":1,\"name\":\"Accueil\",\"item\":\"http:\/\/alliancedesamisdupomsky.com\/\"},{\"@type\":\"ListItem\",\"position\":2,\"name\":\"d\u00e9couvrir notre club aa pomsky\"}]},{\"@type\":\"WebSite\",\"@id\":\"http:\/\/alliancedesamisdupomsky.com\/#website\",\"url\":\"http:\/\/alliancedesamisdupomsky.com\/\",\"name\":\"club Alliance des amis du Pomsky\",\"description\":\"club du Pomsky\",\"potentialAction\":[{\"@type\":\"SearchAction\",\"target\":{\"@type\":\"EntryPoint\",\"urlTemplate\":\"http:\/\/alliancedesamisdupomsky.com\/?s={search_term_string}\"},\"query-input\":{\"@type\":\"PropertyValueSpecification\",\"valueRequired\":true,\"valueName\":\"search_term_string\"}}],\"inLanguage\":\"fr-FR\"}]}<\/script>\n<!-- \/ Yoast SEO plugin. -->","yoast_head_json":{"title":"d\u00e9couvrir notre club aa pomsky - club Alliance des amis du Pomsky D\u00e9couvrir le Club de l'Alliance","description":"D\u00e9couvrez l'Alliance des Amis du Pomsky (AAP). Notre club de Pomsky rassemble \u00e9leveurs et passionn\u00e9s pour structurer la race et viser la reconnaissance FCI.","robots":{"index":"index","follow":"follow","max-snippet":"max-snippet:-1","max-image-preview":"max-image-preview:large","max-video-preview":"max-video-preview:-1"},"canonical":"https:\/\/alliancedesamisdupomsky.com\/index.php\/decouvrir-notre-club-aa-pomsky\/","og_locale":"fr_FR","og_type":"article","og_title":"d\u00e9couvrir notre club aa pomsky - club Alliance des amis du Pomsky D\u00e9couvrir le Club de l'Alliance","og_description":"D\u00e9couvrez l'Alliance des Amis du Pomsky (AAP). Notre club de Pomsky rassemble \u00e9leveurs et passionn\u00e9s pour structurer la race et viser la reconnaissance FCI.","og_url":"https:\/\/alliancedesamisdupomsky.com\/index.php\/decouvrir-notre-club-aa-pomsky\/","og_site_name":"club Alliance des amis du Pomsky","article_modified_time":"2026-04-06T21:51:48+00:00","twitter_card":"summary_large_image","twitter_misc":{"Dur\u00e9e de lecture estim\u00e9e":"4 minutes"},"schema":{"@context":"https:\/\/schema.org","@graph":[{"@type":"WebPage","@id":"https:\/\/alliancedesamisdupomsky.com\/index.php\/decouvrir-notre-club-aa-pomsky\/","url":"https:\/\/alliancedesamisdupomsky.com\/index.php\/decouvrir-notre-club-aa-pomsky\/","name":"d\u00e9couvrir notre club aa pomsky - club Alliance des amis du Pomsky D\u00e9couvrir le Club de l'Alliance","isPartOf":{"@id":"http:\/\/alliancedesamisdupomsky.com\/#website"},"datePublished":"2026-03-25T10:19:22+00:00","dateModified":"2026-04-06T21:51:48+00:00","description":"D\u00e9couvrez l'Alliance des Amis du Pomsky (AAP). Notre club de Pomsky rassemble \u00e9leveurs et passionn\u00e9s pour structurer la race et viser la reconnaissance FCI.","breadcrumb":{"@id":"https:\/\/alliancedesamisdupomsky.com\/index.php\/decouvrir-notre-club-aa-pomsky\/#breadcrumb"},"inLanguage":"fr-FR","potentialAction":[{"@type":"ReadAction","target":["https:\/\/alliancedesamisdupomsky.com\/index.php\/decouvrir-notre-club-aa-pomsky\/"]}]},{"@type":"BreadcrumbList","@id":"https:\/\/alliancedesamisdupomsky.com\/index.php\/decouvrir-notre-club-aa-pomsky\/#breadcrumb","itemListElement":[{"@type":"ListItem","position":1,"name":"Accueil","item":"http:\/\/alliancedesamisdupomsky.com\/"},{"@type":"ListItem","position":2,"name":"d\u00e9couvrir notre club aa pomsky"}]},{"@type":"WebSite","@id":"http:\/\/alliancedesamisdupomsky.com\/#website","url":"http:\/\/alliancedesamisdupomsky.com\/","name":"club Alliance des amis du Pomsky","description":"club du Pomsky","potentialAction":[{"@type":"SearchAction","target":{"@type":"EntryPoint","urlTemplate":"http:\/\/alliancedesamisdupomsky.com\/?s={search_term_string}"},"query-input":{"@type":"PropertyValueSpecification","valueRequired":true,"valueName":"search_term_string"}}],"inLanguage":"fr-FR"}]}},"_links":{"self":[{"href":"https:\/\/alliancedesamisdupomsky.com\/index.php\/wp-json\/wp\/v2\/pages\/218","targetHints":{"allow":["GET"]}}],"collection":[{"href":"https:\/\/alliancedesamisdupomsky.com\/index.php\/wp-json\/wp\/v2\/pages"}],"about":[{"href":"https:\/\/alliancedesamisdupomsky.com\/index.php\/wp-json\/wp\/v2\/types\/page"}],"author":[{"embeddable":true,"href":"https:\/\/alliancedesamisdupomsky.com\/index.php\/wp-json\/wp\/v2\/users\/1"}],"replies":[{"embeddable":true,"href":"https:\/\/alliancedesamisdupomsky.com\/index.php\/wp-json\/wp\/v2\/comments?post=218"}],"version-history":[{"count":20,"href":"https:\/\/alliancedesamisdupomsky.com\/index.php\/wp-json\/wp\/v2\/pages\/218\/revisions"}],"predecessor-version":[{"id":683,"href":"https:\/\/alliancedesamisdupomsky.com\/index.php\/wp-json\/wp\/v2\/pages\/218\/revisions\/683"}],"wp:attachment":[{"href":"https:\/\/alliancedesamisdupomsky.com\/index.php\/wp-json\/wp\/v2\/media?parent=218"}],"curies":[{"name":"wp","href":"https:\/\/api.w.org\/{rel}","templated":true}]}}